{"id":507,"date":"2020-07-13T12:31:21","date_gmt":"2020-07-13T10:31:21","guid":{"rendered":"https:\/\/sef-technologies.prep.demohc.com\/?page_id=507"},"modified":"2023-03-31T11:22:08","modified_gmt":"2023-03-31T09:22:08","slug":"markets","status":"publish","type":"page","link":"https:\/\/www.sef-technologies.com\/en\/markets\/","title":{"rendered":"Markets"},"content":{"rendered":"<div class=\"wpb-content-wrapper\"><p>[vc_row css=&#8221;.vc_custom_1594989461389{padding-top: 100px !important;}&#8221;][vc_column width=&#8221;1\/2&#8243;][hc_custom_heading subtitle=&#8221;Know how&#8221; color=&#8221;grey&#8221; title=&#8221;Know how&#8221; align=&#8221;left&#8221; heading=&#8221;h2&#8243;][\/hc_custom_heading][vc_column_text]SEF has specialised in large-scale particle accelerators (synchrotrons, cyclotrons, linear accelerators\u2026) ever since its creation in 1981. \u00a0In this specific segment, the company is a historic partner with the main research organisations in France and Switzerland: GANIL in Caen, SOLEIL and CEA at Saclay, ESRF in Grenoble, and CERN in Geneva. A highly respected name in the field, SEF has acquired the experience and customer references to be considered for inclusion on fourth generation projects.<\/p>\n<p>&nbsp;<\/p>\n<p>SEF also produces and assembles mechanical equipment for industrial leaders such as AIRBUS GROUP, SAFRAN, ONERA, TARAMM, SOTEREM, and others.<\/p>\n<p>&nbsp;<\/p>\n<p>Proton therapy, among the many uses of cyclotrons, is a source of considerable hope in cancer treatment. Many centres are being planned throughout the world, and SEF is equipped to become a supplier to players in this sector.[\/vc_column_text][\/vc_column][vc_column width=&#8221;1\/2&#8243;][vc_single_image image=&#8221;310&#8243; img_size=&#8221;full&#8221; alignment=&#8221;center&#8221;][\/vc_column][\/vc_row][vc_row full_width=&#8221;stretch_row_content&#8221; css=&#8221;.vc_custom_1594624250030{margin-right: 0px !important;padding-right: 0px !important;padding-left: 20% !important;}&#8221; el_id=&#8221;synchrotron&#8221;][vc_column][vc_row_inner css=&#8221;.vc_custom_1594396102027{margin-right: 0px !important;padding-right: 0px !important;}&#8221;][vc_column_inner css=&#8221;.vc_custom_1604927400600{margin-top: 100px !important;padding-right: 10% !important;padding-left: 10% !important;background-image: url(https:\/\/www.sef-technologies.com\/wp-content\/uploads\/2020\/07\/bckd-gris-1.jpg?id=305) !important;}&#8221; offset=&#8221;vc_col-md-6&#8243;][vc_empty_space height=&#8221;50px&#8221;][hc_custom_heading title=&#8221;Synchrotron&#8221; align=&#8221;left&#8221; heading=&#8221;h2&#8243;][\/hc_custom_heading][vc_column_text]SEF has specialised in large-scale particle accelerators(synchrotrons, cyclotrons, linear accelerators\u2026).<br \/>\nSEF has acquired the experience and customer references to be considered for inclusion on fourth generation projects.[\/vc_column_text][vc_empty_space height=&#8221;50px&#8221;][\/vc_column_inner][vc_column_inner css=&#8221;.vc_custom_1604927411693{margin-right: 0px !important;padding-right: 0px !important;}&#8221; offset=&#8221;vc_col-md-6&#8243;][vc_images_carousel images=&#8221;681,677,679&#8243; img_size=&#8221;full&#8221; onclick=&#8221;link_no&#8221; autoplay=&#8221;yes&#8221; wrap=&#8221;yes&#8221; css=&#8221;.vc_custom_1594806111713{margin-right: 0px !important;padding-right: 0px !important;}&#8221;][\/vc_column_inner][\/vc_row_inner][vc_empty_space][\/vc_column][\/vc_row][vc_row full_width=&#8221;stretch_row_content&#8221; equal_height=&#8221;yes&#8221; el_id=&#8221;ensemble_meca&#8221;][vc_column width=&#8221;1\/4&#8243; css=&#8221;.vc_custom_1594037891853{padding-top: 50px !important;padding-right: 10% !important;padding-left: 10% !important;background-color: #191919 !important;}&#8221;][vc_column_text el_class=&#8221;text-white&#8221;]<\/p>\n<h2 style=\"text-transform: uppercase;\"><strong>MECHANICAL ASSEMBLIES<\/strong><\/h2>\n<p>[\/vc_column_text][vc_column_text el_class=&#8221;text-white&#8221;]SEF produces and assembles high tech mechanical equipment for industrial leaders. This may involve electrical engine prototypes for the aerospace and automotive sectors, new generation injectors, or embedded equipment for radar antennas.[\/vc_column_text][\/vc_column][vc_column width=&#8221;1\/4&#8243; css=&#8221;.vc_custom_1594630329056{margin-bottom: 0px !important;padding-top: 0px !important;padding-right: 0px !important;padding-bottom: 0px !important;padding-left: 0px !important;}&#8221;][vc_single_image image=&#8221;313&#8243; img_size=&#8221;full&#8221; alignment=&#8221;center&#8221; css=&#8221;.vc_custom_1594630324317{margin-bottom: 0px !important;padding-bottom: 0px !important;}&#8221;][\/vc_column][vc_column width=&#8221;1\/4&#8243; css=&#8221;.vc_custom_1594037901057{padding-top: 50px !important;padding-right: 10% !important;padding-left: 10% !important;background-color: #f38c49 !important;}&#8221;][vc_column_text el_class=&#8221;text-white&#8221;]<\/p>\n<h2 style=\"text-transform: uppercase;\"><strong>MEDECINE<\/strong><\/h2>\n<p>[\/vc_column_text][vc_column_text el_class=&#8221;text-white&#8221;]Proton therapy is steadily becoming a major resource for targeted cancer treatment. SEF Technologies works with medical equipment manufacturers of this type to propose new generation machines combining power, reliability, and accuracy. SEF delivers magnet to Ion Beam Application (IBA), the world leader on the proton therapy market.[\/vc_column_text][\/vc_column][vc_column width=&#8221;1\/4&#8243; css=&#8221;.vc_custom_1594630297470{margin-bottom: 0px !important;padding-top: 0px !important;padding-right: 0px !important;padding-bottom: 0px !important;padding-left: 0px !important;}&#8221;][vc_single_image image=&#8221;315&#8243; img_size=&#8221;full&#8221; alignment=&#8221;center&#8221; css=&#8221;.vc_custom_1594630404912{margin-bottom: 0px !important;padding-bottom: 0px !important;}&#8221;][\/vc_column][\/vc_row][vc_row full_width=&#8221;stretch_row_content&#8221;][vc_column][vc_empty_space][vc_row_inner css=&#8221;.vc_custom_1594396102027{margin-right: 0px !important;padding-right: 0px !important;}&#8221;][vc_column_inner css=&#8221;.vc_custom_1604927411693{margin-right: 0px !important;padding-right: 0px !important;}&#8221; offset=&#8221;vc_col-md-6&#8243;][vc_single_image image=&#8221;1281&#8243; img_size=&#8221;full&#8221; alignment=&#8221;center&#8221; css=&#8221;.vc_custom_1654000569894{margin-bottom: 0px !important;padding-bottom: 0px !important;}&#8221;][\/vc_column_inner][vc_column_inner css=&#8221;.vc_custom_1604927400600{margin-top: 100px !important;padding-right: 10% !important;padding-left: 10% !important;background-image: url(https:\/\/www.sef-technologies.com\/wp-content\/uploads\/2020\/07\/bckd-gris-1.jpg?id=305) !important;}&#8221; offset=&#8221;vc_col-md-6&#8243;][hc_custom_heading title=&#8221;Semiconductors&#8221; align=&#8221;left&#8221; heading=&#8221;h2&#8243;][\/hc_custom_heading][vc_column_text]The semi-conductor manufacturing market is rapidly evolving due to the strategic need for electronic components for everyday consumer products, industry, and research. The relocation of these manufacturing activities in Europe offers new development opportunities. In particular,\u00a0<b>SEF provides magnets to ion implantation machines manufacturers.<\/b>[\/vc_column_text][\/vc_column_inner][\/vc_row_inner][vc_empty_space][vc_row_inner][vc_column_inner width=&#8221;1\/3&#8243; css=&#8221;.vc_custom_1596786067731{padding-left: 200px !important;}&#8221; offset=&#8221;vc_hidden-xs&#8221;][hc_custom_heading subtitle=&#8221;They trust us&#8221; title=&#8221;Clients &amp; partners&#8221; align=&#8221;left&#8221; heading=&#8221;h2&#8243;][\/hc_custom_heading][\/vc_column_inner][vc_column_inner width=&#8221;2\/3&#8243; offset=&#8221;vc_hidden-xs&#8221;][vc_images_carousel images=&#8221;1390,1379,1377,1373,108,1375,106,114,112,110,116&#8243; img_size=&#8221;full&#8221; onclick=&#8221;link_no&#8221; slides_per_view=&#8221;4&#8243; autoplay=&#8221;yes&#8221; hide_pagination_control=&#8221;yes&#8221; wrap=&#8221;yes&#8221; el_id=&#8221;logo-slider-center&#8221;][\/vc_column_inner][\/vc_row_inner][\/vc_column][\/vc_row][vc_row full_width=&#8221;stretch_row_content&#8221;][vc_column][vc_row_inner][vc_column_inner width=&#8221;1\/2&#8243; css=&#8221;.vc_custom_1595239810764{padding-right: 5px !important;padding-bottom: 10px !important;padding-left: 10px !important;}&#8221;][img_hover img=&#8221;321&#8243; contenu=&#8221;CNC LATE&#8221;][\/vc_column_inner][vc_column_inner width=&#8221;1\/4&#8243; css=&#8221;.vc_custom_1595239815989{padding-right: 5px !important;padding-bottom: 10px !important;padding-left: 5px !important;}&#8221;][img_hover img=&#8221;504&#8243; contenu=&#8221;DIMENSIONAL CONTROL&#8221;][\/vc_column_inner][vc_column_inner width=&#8221;1\/4&#8243; css=&#8221;.vc_custom_1595239827982{padding-right: 10px !important;padding-bottom: 10px !important;padding-left: 5px !important;}&#8221;][img_hover img=&#8221;325&#8243;][\/vc_column_inner][\/vc_row_inner][\/vc_column][\/vc_row]<\/p>\n<\/div>","protected":false},"excerpt":{"rendered":"<p>[vc_row css=&#8221;.vc_custom_1594989461389{padding-top: 100px !important;}&#8221;][vc_column width=&#8221;1\/2&#8243;][hc_custom_heading subtitle=&#8221;Know how&#8221; color=&#8221;grey&#8221; title=&#8221;Know how&#8221; align=&#8221;left&#8221; heading=&#8221;h2&#8243;][\/hc_custom_heading][vc_column_text]SEF has specialised in large-scale particle accelerators (synchrotrons, cyclotrons, linear accelerators\u2026) ever since its creation in 1981. \u00a0In this specific segment, the company is a historic partner with the main research organisations in France and Switzerland: GANIL in Caen, SOLEIL and CEA at Saclay, &hellip;<\/p>\n","protected":false},"author":1,"featured_media":718,"parent":0,"menu_order":0,"comment_status":"closed","ping_status":"closed","template":"","meta":{"footnotes":""},"class_list":["post-507","page","type-page","status-publish","has-post-thumbnail","hentry"],"yoast_head":"<!-- This site is optimized with the Yoast SEO plugin v26.8 - https:\/\/yoast.com\/product\/yoast-seo-wordpress\/ -->\n<title>Markets - SEF Technologies<\/title>\n<meta name=\"description\" content=\"SEF has specialised in large-scale particle accelerators (synchrotrons, cyclotrons, linear accelerators\u2026) . SEF also produces and assembles mechanical equipment for industrial leaders and is equipped to become a supplier to players of proton therapy sector.\" \/>\n<meta name=\"robots\" content=\"index, follow, max-snippet:-1, max-image-preview:large, max-video-preview:-1\" \/>\n<link rel=\"canonical\" href=\"https:\/\/www.sef-technologies.com\/en\/markets\/\" \/>\n<meta property=\"og:locale\" content=\"en_US\" \/>\n<meta property=\"og:type\" content=\"article\" \/>\n<meta property=\"og:title\" content=\"Markets - SEF Technologies\" \/>\n<meta property=\"og:description\" content=\"SEF has specialised in large-scale particle accelerators (synchrotrons, cyclotrons, linear accelerators\u2026) . SEF also produces and assembles mechanical equipment for industrial leaders and is equipped to become a supplier to players of proton therapy sector.\" \/>\n<meta property=\"og:url\" content=\"https:\/\/www.sef-technologies.com\/en\/markets\/\" \/>\n<meta property=\"og:site_name\" content=\"SEF Technologies\" \/>\n<meta property=\"article:modified_time\" content=\"2023-03-31T09:22:08+00:00\" \/>\n<meta property=\"og:image\" content=\"https:\/\/www.sef-technologies.com\/wp-content\/uploads\/2020\/07\/logo_200x200.jpg\" \/>\n\t<meta property=\"og:image:width\" content=\"200\" \/>\n\t<meta property=\"og:image:height\" content=\"200\" \/>\n\t<meta property=\"og:image:type\" content=\"image\/jpeg\" \/>\n<meta name=\"twitter:card\" content=\"summary_large_image\" \/>\n<meta name=\"twitter:label1\" content=\"Est. reading time\" \/>\n\t<meta name=\"twitter:data1\" content=\"3 minutes\" \/>\n<script type=\"application\/ld+json\" class=\"yoast-schema-graph\">{\"@context\":\"https:\/\/schema.org\",\"@graph\":[{\"@type\":\"WebPage\",\"@id\":\"https:\/\/www.sef-technologies.com\/en\/markets\/\",\"url\":\"https:\/\/www.sef-technologies.com\/en\/markets\/\",\"name\":\"Markets - SEF Technologies\",\"isPartOf\":{\"@id\":\"https:\/\/www.sef-technologies.com\/#website\"},\"primaryImageOfPage\":{\"@id\":\"https:\/\/www.sef-technologies.com\/en\/markets\/#primaryimage\"},\"image\":{\"@id\":\"https:\/\/www.sef-technologies.com\/en\/markets\/#primaryimage\"},\"thumbnailUrl\":\"https:\/\/www.sef-technologies.com\/wp-content\/uploads\/2020\/07\/logo_200x200.jpg\",\"datePublished\":\"2020-07-13T10:31:21+00:00\",\"dateModified\":\"2023-03-31T09:22:08+00:00\",\"description\":\"SEF has specialised in large-scale particle accelerators (synchrotrons, cyclotrons, linear accelerators\u2026) . SEF also produces and assembles mechanical equipment for industrial leaders and is equipped to become a supplier to players of proton therapy sector.\",\"breadcrumb\":{\"@id\":\"https:\/\/www.sef-technologies.com\/en\/markets\/#breadcrumb\"},\"inLanguage\":\"en-US\",\"potentialAction\":[{\"@type\":\"ReadAction\",\"target\":[\"https:\/\/www.sef-technologies.com\/en\/markets\/\"]}]},{\"@type\":\"ImageObject\",\"inLanguage\":\"en-US\",\"@id\":\"https:\/\/www.sef-technologies.com\/en\/markets\/#primaryimage\",\"url\":\"https:\/\/www.sef-technologies.com\/wp-content\/uploads\/2020\/07\/logo_200x200.jpg\",\"contentUrl\":\"https:\/\/www.sef-technologies.com\/wp-content\/uploads\/2020\/07\/logo_200x200.jpg\",\"width\":200,\"height\":200},{\"@type\":\"BreadcrumbList\",\"@id\":\"https:\/\/www.sef-technologies.com\/en\/markets\/#breadcrumb\",\"itemListElement\":[{\"@type\":\"ListItem\",\"position\":1,\"name\":\"Accueil\",\"item\":\"https:\/\/www.sef-technologies.com\/en\/\"},{\"@type\":\"ListItem\",\"position\":2,\"name\":\"Markets\"}]},{\"@type\":\"WebSite\",\"@id\":\"https:\/\/www.sef-technologies.com\/#website\",\"url\":\"https:\/\/www.sef-technologies.com\/\",\"name\":\"SEF Technologies\",\"description\":\"Expert en r\u00e9alisation de bobines et d\u2019\u00e9lectroaimants pour acc\u00e9l\u00e9rateurs de particules\",\"publisher\":{\"@id\":\"https:\/\/www.sef-technologies.com\/#organization\"},\"potentialAction\":[{\"@type\":\"SearchAction\",\"target\":{\"@type\":\"EntryPoint\",\"urlTemplate\":\"https:\/\/www.sef-technologies.com\/?s={search_term_string}\"},\"query-input\":{\"@type\":\"PropertyValueSpecification\",\"valueRequired\":true,\"valueName\":\"search_term_string\"}}],\"inLanguage\":\"en-US\"},{\"@type\":\"Organization\",\"@id\":\"https:\/\/www.sef-technologies.com\/#organization\",\"name\":\"SEF Technologies\",\"url\":\"https:\/\/www.sef-technologies.com\/\",\"logo\":{\"@type\":\"ImageObject\",\"inLanguage\":\"en-US\",\"@id\":\"https:\/\/www.sef-technologies.com\/#\/schema\/logo\/image\/\",\"url\":\"https:\/\/www.sef-technologies.com\/wp-content\/uploads\/2020\/07\/logo_200x200.jpg\",\"contentUrl\":\"https:\/\/www.sef-technologies.com\/wp-content\/uploads\/2020\/07\/logo_200x200.jpg\",\"width\":200,\"height\":200,\"caption\":\"SEF Technologies\"},\"image\":{\"@id\":\"https:\/\/www.sef-technologies.com\/#\/schema\/logo\/image\/\"}}]}<\/script>\n<!-- \/ Yoast SEO plugin. -->","yoast_head_json":{"title":"Markets - SEF Technologies","description":"SEF has specialised in large-scale particle accelerators (synchrotrons, cyclotrons, linear accelerators\u2026) . SEF also produces and assembles mechanical equipment for industrial leaders and is equipped to become a supplier to players of proton therapy sector.","robots":{"index":"index","follow":"follow","max-snippet":"max-snippet:-1","max-image-preview":"max-image-preview:large","max-video-preview":"max-video-preview:-1"},"canonical":"https:\/\/www.sef-technologies.com\/en\/markets\/","og_locale":"en_US","og_type":"article","og_title":"Markets - SEF Technologies","og_description":"SEF has specialised in large-scale particle accelerators (synchrotrons, cyclotrons, linear accelerators\u2026) . SEF also produces and assembles mechanical equipment for industrial leaders and is equipped to become a supplier to players of proton therapy sector.","og_url":"https:\/\/www.sef-technologies.com\/en\/markets\/","og_site_name":"SEF Technologies","article_modified_time":"2023-03-31T09:22:08+00:00","og_image":[{"width":200,"height":200,"url":"https:\/\/www.sef-technologies.com\/wp-content\/uploads\/2020\/07\/logo_200x200.jpg","type":"image\/jpeg"}],"twitter_card":"summary_large_image","twitter_misc":{"Est. reading time":"3 minutes"},"schema":{"@context":"https:\/\/schema.org","@graph":[{"@type":"WebPage","@id":"https:\/\/www.sef-technologies.com\/en\/markets\/","url":"https:\/\/www.sef-technologies.com\/en\/markets\/","name":"Markets - SEF Technologies","isPartOf":{"@id":"https:\/\/www.sef-technologies.com\/#website"},"primaryImageOfPage":{"@id":"https:\/\/www.sef-technologies.com\/en\/markets\/#primaryimage"},"image":{"@id":"https:\/\/www.sef-technologies.com\/en\/markets\/#primaryimage"},"thumbnailUrl":"https:\/\/www.sef-technologies.com\/wp-content\/uploads\/2020\/07\/logo_200x200.jpg","datePublished":"2020-07-13T10:31:21+00:00","dateModified":"2023-03-31T09:22:08+00:00","description":"SEF has specialised in large-scale particle accelerators (synchrotrons, cyclotrons, linear accelerators\u2026) . SEF also produces and assembles mechanical equipment for industrial leaders and is equipped to become a supplier to players of proton therapy sector.","breadcrumb":{"@id":"https:\/\/www.sef-technologies.com\/en\/markets\/#breadcrumb"},"inLanguage":"en-US","potentialAction":[{"@type":"ReadAction","target":["https:\/\/www.sef-technologies.com\/en\/markets\/"]}]},{"@type":"ImageObject","inLanguage":"en-US","@id":"https:\/\/www.sef-technologies.com\/en\/markets\/#primaryimage","url":"https:\/\/www.sef-technologies.com\/wp-content\/uploads\/2020\/07\/logo_200x200.jpg","contentUrl":"https:\/\/www.sef-technologies.com\/wp-content\/uploads\/2020\/07\/logo_200x200.jpg","width":200,"height":200},{"@type":"BreadcrumbList","@id":"https:\/\/www.sef-technologies.com\/en\/markets\/#breadcrumb","itemListElement":[{"@type":"ListItem","position":1,"name":"Accueil","item":"https:\/\/www.sef-technologies.com\/en\/"},{"@type":"ListItem","position":2,"name":"Markets"}]},{"@type":"WebSite","@id":"https:\/\/www.sef-technologies.com\/#website","url":"https:\/\/www.sef-technologies.com\/","name":"SEF Technologies","description":"Expert en r\u00e9alisation de bobines et d\u2019\u00e9lectroaimants pour acc\u00e9l\u00e9rateurs de particules","publisher":{"@id":"https:\/\/www.sef-technologies.com\/#organization"},"potentialAction":[{"@type":"SearchAction","target":{"@type":"EntryPoint","urlTemplate":"https:\/\/www.sef-technologies.com\/?s={search_term_string}"},"query-input":{"@type":"PropertyValueSpecification","valueRequired":true,"valueName":"search_term_string"}}],"inLanguage":"en-US"},{"@type":"Organization","@id":"https:\/\/www.sef-technologies.com\/#organization","name":"SEF Technologies","url":"https:\/\/www.sef-technologies.com\/","logo":{"@type":"ImageObject","inLanguage":"en-US","@id":"https:\/\/www.sef-technologies.com\/#\/schema\/logo\/image\/","url":"https:\/\/www.sef-technologies.com\/wp-content\/uploads\/2020\/07\/logo_200x200.jpg","contentUrl":"https:\/\/www.sef-technologies.com\/wp-content\/uploads\/2020\/07\/logo_200x200.jpg","width":200,"height":200,"caption":"SEF Technologies"},"image":{"@id":"https:\/\/www.sef-technologies.com\/#\/schema\/logo\/image\/"}}]}},"_links":{"self":[{"href":"https:\/\/www.sef-technologies.com\/en\/wp-json\/wp\/v2\/pages\/507","targetHints":{"allow":["GET"]}}],"collection":[{"href":"https:\/\/www.sef-technologies.com\/en\/wp-json\/wp\/v2\/pages"}],"about":[{"href":"https:\/\/www.sef-technologies.com\/en\/wp-json\/wp\/v2\/types\/page"}],"author":[{"embeddable":true,"href":"https:\/\/www.sef-technologies.com\/en\/wp-json\/wp\/v2\/users\/1"}],"replies":[{"embeddable":true,"href":"https:\/\/www.sef-technologies.com\/en\/wp-json\/wp\/v2\/comments?post=507"}],"version-history":[{"count":21,"href":"https:\/\/www.sef-technologies.com\/en\/wp-json\/wp\/v2\/pages\/507\/revisions"}],"predecessor-version":[{"id":1428,"href":"https:\/\/www.sef-technologies.com\/en\/wp-json\/wp\/v2\/pages\/507\/revisions\/1428"}],"wp:featuredmedia":[{"embeddable":true,"href":"https:\/\/www.sef-technologies.com\/en\/wp-json\/wp\/v2\/media\/718"}],"wp:attachment":[{"href":"https:\/\/www.sef-technologies.com\/en\/wp-json\/wp\/v2\/media?parent=507"}],"curies":[{"name":"wp","href":"https:\/\/api.w.org\/{rel}","templated":true}]}}