{"id":509,"date":"2020-07-13T12:33:47","date_gmt":"2020-07-13T10:33:47","guid":{"rendered":"https:\/\/sef-technologies.prep.demohc.com\/?page_id=509"},"modified":"2025-03-21T16:55:35","modified_gmt":"2025-03-21T15:55:35","slug":"products","status":"publish","type":"page","link":"https:\/\/www.sef-technologies.com\/en\/products\/","title":{"rendered":"Products"},"content":{"rendered":"<div class=\"wpb-content-wrapper\"><p>[vc_row el_id=&#8221;aimants&#8221; css=&#8221;.vc_custom_1594989289272{padding-top: 100px !important;}&#8221;][vc_column width=&#8221;1\/2&#8243;][hc_custom_heading subtitle=&#8221;magnets&#8221; color=&#8221;grey&#8221; title=&#8221;resistive and permanent magnets&#8221; align=&#8221;left&#8221; heading=&#8221;h2&#8243;][\/hc_custom_heading][vc_column_text]SEF produces magnets of all shapes and sizes, from a few grams to several tonnes. The company has the technological expertise and human and material resources to handle every aspect of production in its workshops from finalisation of design to delivery of the finished product. Whatever their final usage, our magnets comply with very precise specifications and all quality standards required for this type of product: electromagnetic functioning, robustness, and resistance to radiation.[\/vc_column_text][vc_row_inner css=&#8221;.vc_custom_1742570662062{background-color: #f5f5f5 !important;}&#8221;][vc_column_inner][vc_single_image image=&#8221;1484&#8243; alignment=&#8221;center&#8221;][vc_column_text]<\/p>\n<p style=\"text-align: center;\" data-prosemirror-content-type=\"node\" data-prosemirror-node-name=\"paragraph\" data-prosemirror-node-block=\"true\" data-pm-slice=\"1 1 []\">MANAGEMENT SYSTEM CERTIFICATE<\/p>\n<p>[\/vc_column_text][\/vc_column_inner][\/vc_row_inner][\/vc_column][vc_column width=&#8221;1\/2&#8243;][img_link img=&#8221;662&#8243;]Quadripoles[\/img_link][vc_empty_space][\/vc_column][\/vc_row][vc_row full_width=&#8221;stretch_row_content&#8221; equal_height=&#8221;yes&#8221; el_id=&#8221;ensemble_meca&#8221;][vc_column width=&#8221;1\/4&#8243; css=&#8221;.vc_custom_1594027576709{margin-top: 0px !important;padding-top: 0px !important;padding-right: 0px !important;padding-left: 0px !important;background-color: #101010 !important;}&#8221;][vc_single_image image=&#8221;671&#8243; img_size=&#8221;full&#8221; css=&#8221;.vc_custom_1594805964538{margin-top: 0px !important;margin-right: 0px !important;margin-bottom: 20px !important;margin-left: 0px !important;border-bottom-width: 2px !important;padding-top: 0px !important;padding-right: 0px !important;padding-bottom: 0px !important;padding-left: 0px !important;border-bottom-color: #f38c49 !important;border-bottom-style: solid !important;border-radius: 2px !important;}&#8221;][vc_column_text el_class=&#8221;text-white&#8221; css=&#8221;.vc_custom_1594653914318{padding-right: 5% !important;padding-left: 5% !important;}&#8221;]<\/p>\n<h3 style=\"text-transform: uppercase;\"><strong>RESISTIVE<br \/>\nMAGNETS<\/strong><\/h3>\n<p>[\/vc_column_text][vc_column_text el_class=&#8221;puce ; text-white&#8221; css=&#8221;.vc_custom_1594027519855{padding-right: 5% !important;padding-left: 5% !important;}&#8221;]<\/p>\n<ul>\n<li>Dipoles, quadrupoles, sextupoles, solenoids, cyclotron main coils, cyclotron correction coils, focusers, inverters, special shaped coils.<\/li>\n<\/ul>\n<p>[\/vc_column_text][\/vc_column][vc_column width=&#8221;1\/4&#8243; css=&#8221;.vc_custom_1594027762100{margin-top: 0px !important;padding-top: 0px !important;padding-right: 0px !important;padding-left: 0px !important;background-color: #191919 !important;}&#8221;][vc_single_image image=&#8221;673&#8243; img_size=&#8221;full&#8221; css=&#8221;.vc_custom_1594806045821{margin-top: 0px !important;margin-right: 0px !important;margin-bottom: 20px !important;margin-left: 0px !important;border-bottom-width: 2px !important;padding-top: 0px !important;padding-right: 0px !important;padding-bottom: 0px !important;padding-left: 0px !important;border-bottom-color: #f38c49 !important;border-bottom-style: solid !important;border-radius: 2px !important;}&#8221;][vc_column_text el_class=&#8221;text-white&#8221; css=&#8221;.vc_custom_1594654015964{padding-right: 5% !important;padding-left: 5% !important;}&#8221;]<\/p>\n<h3 style=\"text-transform: uppercase;\"><strong>PERMANENT<br \/>\nMAGNETS<\/strong><\/h3>\n<p>[\/vc_column_text][vc_column_text el_class=&#8221;puce ; text-white&#8221; css=&#8221;.vc_custom_1594027814455{padding-right: 5% !important;padding-left: 5% !important;}&#8221;]<\/p>\n<ul>\n<li>Dipoles, quadrupoles, inverters<\/li>\n<\/ul>\n<p>[\/vc_column_text][\/vc_column][vc_column width=&#8221;1\/4&#8243; css=&#8221;.vc_custom_1594027743643{margin-top: 0px !important;padding-top: 0px !important;padding-right: 0px !important;padding-left: 0px !important;background-color: #101010 !important;}&#8221;][vc_single_image image=&#8221;667&#8243; img_size=&#8221;full&#8221; css=&#8221;.vc_custom_1594805981544{margin-top: 0px !important;margin-right: 0px !important;margin-bottom: 20px !important;margin-left: 0px !important;border-bottom-width: 2px !important;padding-top: 0px !important;padding-right: 0px !important;padding-bottom: 0px !important;padding-left: 0px !important;border-bottom-color: #f38c49 !important;border-bottom-style: solid !important;border-radius: 2px !important;}&#8221;][vc_column_text el_class=&#8221;text-white&#8221; css=&#8221;.vc_custom_1594654029815{padding-right: 5% !important;padding-left: 5% !important;}&#8221;]<\/p>\n<h3 style=\"text-transform: uppercase;\"><strong>MECHANICAL<br \/>\nASSEMBLY<\/strong><\/h3>\n<p>[\/vc_column_text][vc_column_text el_class=&#8221;puce ; text-white&#8221; css=&#8221;.vc_custom_1594027826811{padding-right: 5% !important;padding-left: 5% !important;}&#8221;]<\/p>\n<ul>\n<li>Prototypes of electric motors for aeronautics, automotive, and drone sectors<\/li>\n<li>Venturi injectors<\/li>\n<li>Radar antennas<\/li>\n<\/ul>\n<p>[\/vc_column_text][\/vc_column][vc_column width=&#8221;1\/4&#8243; css=&#8221;.vc_custom_1594027771547{margin-top: 0px !important;padding-top: 0px !important;padding-right: 0px !important;padding-left: 0px !important;background-color: #191919 !important;}&#8221;][vc_single_image image=&#8221;665&#8243; img_size=&#8221;full&#8221; css=&#8221;.vc_custom_1594805988704{margin-top: 0px !important;margin-right: 0px !important;margin-bottom: 20px !important;margin-left: 0px !important;border-bottom-width: 2px !important;padding-top: 0px !important;padding-right: 0px !important;padding-bottom: 0px !important;padding-left: 0px !important;border-bottom-color: #f38c49 !important;border-bottom-style: solid !important;border-radius: 2px !important;}&#8221;][vc_column_text el_class=&#8221;text-white&#8221; css=&#8221;.vc_custom_1594654040078{padding-right: 5% !important;padding-left: 5% !important;}&#8221;]<\/p>\n<h3 style=\"text-transform: uppercase;\"><strong>INTEGRATION<br \/>\nINSTALLATION<\/strong><\/h3>\n<p>[\/vc_column_text][vc_column_text el_class=&#8221;puce ; text-white&#8221; css=&#8221;.vc_custom_1594027870236{padding-right: 5% !important;padding-left: 5% !important;}&#8221;]<\/p>\n<ul>\n<li>Installation on customer premises<\/li>\n<li>Equipment<\/li>\n<li>Integration (ex .: routing device)<\/li>\n<\/ul>\n<p>[\/vc_column_text][\/vc_column][vc_row full_width=&#8221;stretch_row_content&#8221; css=&#8221;.vc_custom_1595238740436{padding-top: 50px !important;}&#8221;][\/vc_row][\/vc_row][vc_row][vc_column][\/vc_column][vc_column_text]<\/p>\n<p>I am text block. Click edit button to change this text. Lorem ipsum dolor sit amet, consectetur adipiscing elit. Ut elit tellus, luctus nec ullamcorper mattis, pulvinar dapibus leo.<\/p>\n<p>[\/vc_column_text][\/vc_row][vc_column]<div class=\" container-fluid\"><div class=\"row hc_slider_content\"><div class=\"col-12 h-100 d-inline-block\"><div class=\"hc_slider_content_item h-100 d-flex align-items-center justify-content-center mx-2\"><img decoding=\"async\" src=\"https:\/\/www.sef-technologies.com\/wp-content\/uploads\/2020\/07\/06.jpg\" alt=\"Image illustration\" class=\"\"><p class=\"mb-5\">BUNCHER CEA THALES<\/p><a href=\"\" title=\"\" class=\"a-orange\"><\/a><\/div><\/div><div class=\"col-12 h-100 d-inline-block\"><div class=\"hc_slider_content_item h-100 d-flex align-items-center justify-content-center mx-2\"><img decoding=\"async\" src=\"https:\/\/www.sef-technologies.com\/wp-content\/uploads\/2020\/07\/03.jpg\" alt=\"Image illustration\" class=\"\"><p class=\"mb-5\">QUADRUP\u00d4LE CERN<\/p><a href=\"\" title=\"\" class=\"a-orange\"><\/a><\/div><\/div><div class=\"col-12 h-100 d-inline-block\"><div class=\"hc_slider_content_item h-100 d-flex align-items-center justify-content-center mx-2\"><img decoding=\"async\" src=\"https:\/\/www.sef-technologies.com\/wp-content\/uploads\/2020\/07\/08.jpg\" alt=\"Image illustration\" class=\"\"><p class=\"mb-5\">QUADRUP\u00d4LE CERN<\/p><a href=\"\" title=\"\" class=\"a-orange\"><\/a><\/div><\/div><div class=\"col-12 h-100 d-inline-block\"><div class=\"hc_slider_content_item h-100 d-flex align-items-center justify-content-center mx-2\"><img decoding=\"async\" src=\"https:\/\/www.sef-technologies.com\/wp-content\/uploads\/2020\/07\/02.jpg\" alt=\"Image illustration\" class=\"\"><p class=\"mb-5\">QUADRUP\u00d4LE CERN<\/p><a href=\"\" title=\"\" class=\"a-orange\"><\/a><\/div><\/div><div class=\"col-12 h-100 d-inline-block\"><div class=\"hc_slider_content_item h-100 d-flex align-items-center justify-content-center mx-2\"><img decoding=\"async\" src=\"https:\/\/www.sef-technologies.com\/wp-content\/uploads\/2020\/07\/10.jpg\" alt=\"Image illustration\" class=\"\"><p class=\"mb-5\">QUADRUP\u00d4LE CERN<\/p><a href=\"\" title=\"\" class=\"a-orange\"><\/a><\/div><\/div><div class=\"col-12 h-100 d-inline-block\"><div class=\"hc_slider_content_item h-100 d-flex align-items-center justify-content-center mx-2\"><img decoding=\"async\" src=\"https:\/\/www.sef-technologies.com\/wp-content\/uploads\/2020\/07\/04.jpg\" alt=\"Image illustration\" class=\"\"><p class=\"mb-5\">BUNCHER CEA THALES<\/p><a href=\"\" title=\"\" class=\"a-orange\"><\/a><\/div><\/div><div class=\"col-12 h-100 d-inline-block\"><div class=\"hc_slider_content_item h-100 d-flex align-items-center justify-content-center mx-2\"><img decoding=\"async\" src=\"https:\/\/www.sef-technologies.com\/wp-content\/uploads\/2020\/07\/05.jpg\" alt=\"Image illustration\" class=\"\"><p class=\"mb-5\">BUNCHER CEA THALES<\/p><a href=\"\" title=\"\" class=\"a-orange\"><\/a><\/div><\/div><div class=\"col-12 h-100 d-inline-block\"><div class=\"hc_slider_content_item h-100 d-flex align-items-center justify-content-center mx-2\"><img decoding=\"async\" src=\"https:\/\/www.sef-technologies.com\/wp-content\/uploads\/2020\/07\/01.jpg\" alt=\"Image illustration\" class=\"\"><p class=\"mb-5\">BOBINE QUADRUPOLE CERN<\/p><a href=\"\" title=\"\" class=\"a-orange\"><\/a><\/div><\/div><div class=\"col-12 h-100 d-inline-block\"><div class=\"hc_slider_content_item h-100 d-flex align-items-center justify-content-center mx-2\"><img decoding=\"async\" src=\"https:\/\/www.sef-technologies.com\/wp-content\/uploads\/2020\/07\/09.jpg\" alt=\"Image illustration\" class=\"\"><p class=\"mb-5\">BOBINE<\/p><a href=\"\" title=\"\" class=\"a-orange\"><\/a><\/div><\/div><\/div><\/div><script type=\"text\/javascript\">$(document).ready(function(){$('.hc_slider_content').slick({\n\t\t\t\t\t\t\t\t\t  autoplay: true,\n\t\t\t\t\t\t\t\t\t  autoplaySpeed: 5000,\n\t\t\t\t\t\t\t\t\t  dots: false,\n\t\t\t\t\t\t\t\t\t  infinite: true,\n\t\t\t\t\t\t\t\t\t  arrows: true,\n\t\t\t\t\t\t\t\t\t  slidesToShow: 3,\n\t\t\t\t\t\t\t\t\t  adaptiveHeight: true})})<\/script>[\/vc_column][vc_row full_width=&#8221;stretch_row&#8221; css=&#8221;.vc_custom_1594030181214{background-image: url(https:\/\/www.sef-technologies.com\/wp-content\/uploads\/2020\/07\/background_carte.png?id=302) !important;background-position: center !important;background-repeat: no-repeat !important;background-size: cover !important;}&#8221;][vc_column][vc_row_inner equal_height=&#8221;yes&#8221;][vc_column_inner width=&#8221;1\/2&#8243; css=&#8221;.vc_custom_1594037127541{padding-right: 10% !important;padding-left: 10% !important;background-image: url(https:\/\/www.sef-technologies.com\/wp-content\/uploads\/2020\/07\/bckd-gris-1.jpg?id=305) !important;}&#8221;][vc_empty_space height=&#8221;40px&#8221;][vc_column_text]<\/p>\n<h2 style=\"text-transform: uppercase; text-align: center;\"><strong>You have<br \/>\na <span style=\"color: #f38c49;\">project ?<\/span><\/strong><\/h2>\n<p>[\/vc_column_text][vc_column_text]<\/p>\n<p style=\"text-align: left;\"><span class=\"tlid-translation translation\" lang=\"en\"><span class=\"\" title=\"\">To submit your project to us, contact us using the form below.<\/span> <span class=\"\" title=\"\">We will respond as soon as possible.<\/span><\/span><\/p>\n<p>[\/vc_column_text][vc_column_text]<span style=\"color: #f38c49;\">PHONE<\/span><\/p>\n<p><strong>+33(0)5 61 39 89 64<\/strong>[\/vc_column_text][\/vc_column_inner][vc_column_inner width=&#8221;1\/2&#8243; css=&#8221;.vc_custom_1594113184941{padding-right: 10% !important;padding-left: 10% !important;background-color: #ffffff !important;}&#8221;][vc_empty_space height=&#8221;40px&#8221;]\n<div class=\"wpcf7 no-js\" id=\"wpcf7-f627-o1\" lang=\"fr-FR\" dir=\"ltr\" data-wpcf7-id=\"627\">\n<div class=\"screen-reader-response\"><p role=\"status\" aria-live=\"polite\" aria-atomic=\"true\"><\/p> <ul><\/ul><\/div>\n<form action=\"\/en\/wp-json\/wp\/v2\/pages\/509#wpcf7-f627-o1\" method=\"post\" class=\"wpcf7-form init\" aria-label=\"Formulaire de contact\" novalidate=\"novalidate\" data-status=\"init\">\n<fieldset class=\"hidden-fields-container\"><input type=\"hidden\" name=\"_wpcf7\" value=\"627\" \/><input type=\"hidden\" name=\"_wpcf7_version\" value=\"6.1.4\" \/><input type=\"hidden\" name=\"_wpcf7_locale\" value=\"fr_FR\" \/><input type=\"hidden\" name=\"_wpcf7_unit_tag\" value=\"wpcf7-f627-o1\" \/><input type=\"hidden\" name=\"_wpcf7_container_post\" value=\"0\" \/><input type=\"hidden\" name=\"_wpcf7_posted_data_hash\" value=\"\" \/><input type=\"hidden\" name=\"_wpcf7_recaptcha_response\" value=\"\" \/>\n<\/fieldset>\n<p><span class=\"wpcf7-form-control-wrap\" data-name=\"your-name\"><input size=\"40\" maxlength=\"400\" class=\"wpcf7-form-control wpcf7-text wpcf7-validates-as-required\" aria-required=\"true\" aria-invalid=\"false\" placeholder=\"Surname*\" value=\"\" type=\"text\" name=\"your-name\" \/><\/span>\n<\/p>\n<p><span class=\"wpcf7-form-control-wrap\" data-name=\"prenom\"><input size=\"40\" maxlength=\"400\" class=\"wpcf7-form-control wpcf7-text\" aria-invalid=\"false\" placeholder=\"Name*\" value=\"\" type=\"text\" name=\"prenom\" \/><\/span>\n<\/p>\n<p><span class=\"wpcf7-form-control-wrap\" data-name=\"your-email\"><input size=\"40\" maxlength=\"400\" class=\"wpcf7-form-control wpcf7-email wpcf7-validates-as-required wpcf7-text wpcf7-validates-as-email\" aria-required=\"true\" aria-invalid=\"false\" placeholder=\"E-mail*\" value=\"\" type=\"email\" name=\"your-email\" \/><\/span>\n<\/p>\n<p><span class=\"wpcf7-form-control-wrap\" data-name=\"tel\"><input size=\"40\" maxlength=\"400\" class=\"wpcf7-form-control wpcf7-tel wpcf7-text wpcf7-validates-as-tel\" aria-invalid=\"false\" placeholder=\"Phone*\" value=\"\" type=\"tel\" name=\"tel\" \/><\/span>\n<\/p>\n<p><span class=\"wpcf7-form-control-wrap\" data-name=\"societe\"><input size=\"40\" maxlength=\"400\" class=\"wpcf7-form-control wpcf7-text\" aria-invalid=\"false\" placeholder=\"Company*\" value=\"\" type=\"text\" name=\"societe\" \/><\/span>\n<\/p>\n<p><span class=\"wpcf7-form-control-wrap\" data-name=\"your-subject\"><input size=\"40\" maxlength=\"400\" class=\"wpcf7-form-control wpcf7-text\" aria-invalid=\"false\" placeholder=\"Object*\" value=\"\" type=\"text\" name=\"your-subject\" \/><\/span>\n<\/p>\n<p class=\"message\"><span class=\"wpcf7-form-control-wrap\" data-name=\"your-message\"><textarea cols=\"40\" rows=\"10\" maxlength=\"2000\" class=\"wpcf7-form-control wpcf7-textarea formulaire-message\" aria-invalid=\"false\" placeholder=\"Message*\" name=\"your-message\"><\/textarea><\/span>\n<\/p>\n<p class=\"btn-submit\"><input class=\"wpcf7-form-control wpcf7-submit has-spinner btn-send\" type=\"submit\" value=\"Envoyer\" \/>\n<\/p><div class=\"wpcf7-response-output\" aria-hidden=\"true\"><\/div>\n<\/form>\n<\/div>\n[vc_empty_space height=&#8221;40px&#8221;][\/vc_column_inner][\/vc_row_inner][vc_row_inner][vc_column_inner][vc_empty_space][\/vc_column_inner][\/vc_row_inner][\/vc_column][\/vc_row]<\/p>\n<\/div>","protected":false},"excerpt":{"rendered":"<p>[vc_row el_id=&#8221;aimants&#8221; css=&#8221;.vc_custom_1594989289272{padding-top: 100px !important;}&#8221;][vc_column width=&#8221;1\/2&#8243;][hc_custom_heading subtitle=&#8221;magnets&#8221; color=&#8221;grey&#8221; title=&#8221;resistive and permanent magnets&#8221; align=&#8221;left&#8221; heading=&#8221;h2&#8243;][\/hc_custom_heading][vc_column_text]SEF produces magnets of all shapes and sizes, from a few grams to several tonnes. The company has the technological expertise and human and material resources to handle every aspect of production in its workshops from finalisation of design to delivery of &hellip;<\/p>\n","protected":false},"author":1,"featured_media":718,"parent":0,"menu_order":0,"comment_status":"closed","ping_status":"closed","template":"","meta":{"footnotes":""},"class_list":["post-509","page","type-page","status-publish","has-post-thumbnail","hentry"],"yoast_head":"<!-- This site is optimized with the Yoast SEO plugin v26.8 - https:\/\/yoast.com\/product\/yoast-seo-wordpress\/ -->\n<title>Products - SEF Technologies<\/title>\n<meta name=\"description\" content=\"Electromagnetic functioning, robustness, and resistance to radiation : our resistive &amp; permanent magnets comply with very precise specifications and all quality standards required for this type of product\" \/>\n<meta name=\"robots\" content=\"index, follow, max-snippet:-1, max-image-preview:large, max-video-preview:-1\" \/>\n<link rel=\"canonical\" href=\"https:\/\/www.sef-technologies.com\/en\/products\/\" \/>\n<meta property=\"og:locale\" content=\"en_US\" \/>\n<meta property=\"og:type\" content=\"article\" \/>\n<meta property=\"og:title\" content=\"Products - SEF Technologies\" \/>\n<meta property=\"og:description\" content=\"Electromagnetic functioning, robustness, and resistance to radiation : our resistive &amp; permanent magnets comply with very precise specifications and all quality standards required for this type of product\" \/>\n<meta property=\"og:url\" content=\"https:\/\/www.sef-technologies.com\/en\/products\/\" \/>\n<meta property=\"og:site_name\" content=\"SEF Technologies\" \/>\n<meta property=\"article:modified_time\" content=\"2025-03-21T15:55:35+00:00\" \/>\n<meta property=\"og:image\" content=\"https:\/\/www.sef-technologies.com\/wp-content\/uploads\/2020\/07\/logo_200x200.jpg\" \/>\n\t<meta property=\"og:image:width\" content=\"200\" \/>\n\t<meta property=\"og:image:height\" content=\"200\" \/>\n\t<meta property=\"og:image:type\" content=\"image\/jpeg\" \/>\n<meta name=\"twitter:card\" content=\"summary_large_image\" \/>\n<meta name=\"twitter:label1\" content=\"Est. reading time\" \/>\n\t<meta name=\"twitter:data1\" content=\"4 minutes\" \/>\n<script type=\"application\/ld+json\" class=\"yoast-schema-graph\">{\"@context\":\"https:\/\/schema.org\",\"@graph\":[{\"@type\":\"WebPage\",\"@id\":\"https:\/\/www.sef-technologies.com\/en\/products\/\",\"url\":\"https:\/\/www.sef-technologies.com\/en\/products\/\",\"name\":\"Products - SEF Technologies\",\"isPartOf\":{\"@id\":\"https:\/\/www.sef-technologies.com\/#website\"},\"primaryImageOfPage\":{\"@id\":\"https:\/\/www.sef-technologies.com\/en\/products\/#primaryimage\"},\"image\":{\"@id\":\"https:\/\/www.sef-technologies.com\/en\/products\/#primaryimage\"},\"thumbnailUrl\":\"https:\/\/www.sef-technologies.com\/wp-content\/uploads\/2020\/07\/logo_200x200.jpg\",\"datePublished\":\"2020-07-13T10:33:47+00:00\",\"dateModified\":\"2025-03-21T15:55:35+00:00\",\"description\":\"Electromagnetic functioning, robustness, and resistance to radiation : our resistive & permanent magnets comply with very precise specifications and all quality standards required for this type of product\",\"breadcrumb\":{\"@id\":\"https:\/\/www.sef-technologies.com\/en\/products\/#breadcrumb\"},\"inLanguage\":\"en-US\",\"potentialAction\":[{\"@type\":\"ReadAction\",\"target\":[\"https:\/\/www.sef-technologies.com\/en\/products\/\"]}]},{\"@type\":\"ImageObject\",\"inLanguage\":\"en-US\",\"@id\":\"https:\/\/www.sef-technologies.com\/en\/products\/#primaryimage\",\"url\":\"https:\/\/www.sef-technologies.com\/wp-content\/uploads\/2020\/07\/logo_200x200.jpg\",\"contentUrl\":\"https:\/\/www.sef-technologies.com\/wp-content\/uploads\/2020\/07\/logo_200x200.jpg\",\"width\":200,\"height\":200},{\"@type\":\"BreadcrumbList\",\"@id\":\"https:\/\/www.sef-technologies.com\/en\/products\/#breadcrumb\",\"itemListElement\":[{\"@type\":\"ListItem\",\"position\":1,\"name\":\"Accueil\",\"item\":\"https:\/\/www.sef-technologies.com\/en\/\"},{\"@type\":\"ListItem\",\"position\":2,\"name\":\"Products\"}]},{\"@type\":\"WebSite\",\"@id\":\"https:\/\/www.sef-technologies.com\/#website\",\"url\":\"https:\/\/www.sef-technologies.com\/\",\"name\":\"SEF Technologies\",\"description\":\"Expert en r\u00e9alisation de bobines et d\u2019\u00e9lectroaimants pour acc\u00e9l\u00e9rateurs de particules\",\"publisher\":{\"@id\":\"https:\/\/www.sef-technologies.com\/#organization\"},\"potentialAction\":[{\"@type\":\"SearchAction\",\"target\":{\"@type\":\"EntryPoint\",\"urlTemplate\":\"https:\/\/www.sef-technologies.com\/?s={search_term_string}\"},\"query-input\":{\"@type\":\"PropertyValueSpecification\",\"valueRequired\":true,\"valueName\":\"search_term_string\"}}],\"inLanguage\":\"en-US\"},{\"@type\":\"Organization\",\"@id\":\"https:\/\/www.sef-technologies.com\/#organization\",\"name\":\"SEF Technologies\",\"url\":\"https:\/\/www.sef-technologies.com\/\",\"logo\":{\"@type\":\"ImageObject\",\"inLanguage\":\"en-US\",\"@id\":\"https:\/\/www.sef-technologies.com\/#\/schema\/logo\/image\/\",\"url\":\"https:\/\/www.sef-technologies.com\/wp-content\/uploads\/2020\/07\/logo_200x200.jpg\",\"contentUrl\":\"https:\/\/www.sef-technologies.com\/wp-content\/uploads\/2020\/07\/logo_200x200.jpg\",\"width\":200,\"height\":200,\"caption\":\"SEF Technologies\"},\"image\":{\"@id\":\"https:\/\/www.sef-technologies.com\/#\/schema\/logo\/image\/\"}}]}<\/script>\n<!-- \/ Yoast SEO plugin. -->","yoast_head_json":{"title":"Products - SEF Technologies","description":"Electromagnetic functioning, robustness, and resistance to radiation : our resistive & permanent magnets comply with very precise specifications and all quality standards required for this type of product","robots":{"index":"index","follow":"follow","max-snippet":"max-snippet:-1","max-image-preview":"max-image-preview:large","max-video-preview":"max-video-preview:-1"},"canonical":"https:\/\/www.sef-technologies.com\/en\/products\/","og_locale":"en_US","og_type":"article","og_title":"Products - SEF Technologies","og_description":"Electromagnetic functioning, robustness, and resistance to radiation : our resistive & permanent magnets comply with very precise specifications and all quality standards required for this type of product","og_url":"https:\/\/www.sef-technologies.com\/en\/products\/","og_site_name":"SEF Technologies","article_modified_time":"2025-03-21T15:55:35+00:00","og_image":[{"width":200,"height":200,"url":"https:\/\/www.sef-technologies.com\/wp-content\/uploads\/2020\/07\/logo_200x200.jpg","type":"image\/jpeg"}],"twitter_card":"summary_large_image","twitter_misc":{"Est. reading time":"4 minutes"},"schema":{"@context":"https:\/\/schema.org","@graph":[{"@type":"WebPage","@id":"https:\/\/www.sef-technologies.com\/en\/products\/","url":"https:\/\/www.sef-technologies.com\/en\/products\/","name":"Products - SEF Technologies","isPartOf":{"@id":"https:\/\/www.sef-technologies.com\/#website"},"primaryImageOfPage":{"@id":"https:\/\/www.sef-technologies.com\/en\/products\/#primaryimage"},"image":{"@id":"https:\/\/www.sef-technologies.com\/en\/products\/#primaryimage"},"thumbnailUrl":"https:\/\/www.sef-technologies.com\/wp-content\/uploads\/2020\/07\/logo_200x200.jpg","datePublished":"2020-07-13T10:33:47+00:00","dateModified":"2025-03-21T15:55:35+00:00","description":"Electromagnetic functioning, robustness, and resistance to radiation : our resistive & permanent magnets comply with very precise specifications and all quality standards required for this type of product","breadcrumb":{"@id":"https:\/\/www.sef-technologies.com\/en\/products\/#breadcrumb"},"inLanguage":"en-US","potentialAction":[{"@type":"ReadAction","target":["https:\/\/www.sef-technologies.com\/en\/products\/"]}]},{"@type":"ImageObject","inLanguage":"en-US","@id":"https:\/\/www.sef-technologies.com\/en\/products\/#primaryimage","url":"https:\/\/www.sef-technologies.com\/wp-content\/uploads\/2020\/07\/logo_200x200.jpg","contentUrl":"https:\/\/www.sef-technologies.com\/wp-content\/uploads\/2020\/07\/logo_200x200.jpg","width":200,"height":200},{"@type":"BreadcrumbList","@id":"https:\/\/www.sef-technologies.com\/en\/products\/#breadcrumb","itemListElement":[{"@type":"ListItem","position":1,"name":"Accueil","item":"https:\/\/www.sef-technologies.com\/en\/"},{"@type":"ListItem","position":2,"name":"Products"}]},{"@type":"WebSite","@id":"https:\/\/www.sef-technologies.com\/#website","url":"https:\/\/www.sef-technologies.com\/","name":"SEF Technologies","description":"Expert en r\u00e9alisation de bobines et d\u2019\u00e9lectroaimants pour acc\u00e9l\u00e9rateurs de particules","publisher":{"@id":"https:\/\/www.sef-technologies.com\/#organization"},"potentialAction":[{"@type":"SearchAction","target":{"@type":"EntryPoint","urlTemplate":"https:\/\/www.sef-technologies.com\/?s={search_term_string}"},"query-input":{"@type":"PropertyValueSpecification","valueRequired":true,"valueName":"search_term_string"}}],"inLanguage":"en-US"},{"@type":"Organization","@id":"https:\/\/www.sef-technologies.com\/#organization","name":"SEF Technologies","url":"https:\/\/www.sef-technologies.com\/","logo":{"@type":"ImageObject","inLanguage":"en-US","@id":"https:\/\/www.sef-technologies.com\/#\/schema\/logo\/image\/","url":"https:\/\/www.sef-technologies.com\/wp-content\/uploads\/2020\/07\/logo_200x200.jpg","contentUrl":"https:\/\/www.sef-technologies.com\/wp-content\/uploads\/2020\/07\/logo_200x200.jpg","width":200,"height":200,"caption":"SEF Technologies"},"image":{"@id":"https:\/\/www.sef-technologies.com\/#\/schema\/logo\/image\/"}}]}},"_links":{"self":[{"href":"https:\/\/www.sef-technologies.com\/en\/wp-json\/wp\/v2\/pages\/509","targetHints":{"allow":["GET"]}}],"collection":[{"href":"https:\/\/www.sef-technologies.com\/en\/wp-json\/wp\/v2\/pages"}],"about":[{"href":"https:\/\/www.sef-technologies.com\/en\/wp-json\/wp\/v2\/types\/page"}],"author":[{"embeddable":true,"href":"https:\/\/www.sef-technologies.com\/en\/wp-json\/wp\/v2\/users\/1"}],"replies":[{"embeddable":true,"href":"https:\/\/www.sef-technologies.com\/en\/wp-json\/wp\/v2\/comments?post=509"}],"version-history":[{"count":18,"href":"https:\/\/www.sef-technologies.com\/en\/wp-json\/wp\/v2\/pages\/509\/revisions"}],"predecessor-version":[{"id":1514,"href":"https:\/\/www.sef-technologies.com\/en\/wp-json\/wp\/v2\/pages\/509\/revisions\/1514"}],"wp:featuredmedia":[{"embeddable":true,"href":"https:\/\/www.sef-technologies.com\/en\/wp-json\/wp\/v2\/media\/718"}],"wp:attachment":[{"href":"https:\/\/www.sef-technologies.com\/en\/wp-json\/wp\/v2\/media?parent=509"}],"curies":[{"name":"wp","href":"https:\/\/api.w.org\/{rel}","templated":true}]}}