{"id":511,"date":"2020-07-13T12:34:58","date_gmt":"2020-07-13T10:34:58","guid":{"rendered":"https:\/\/sef-technologies.prep.demohc.com\/?page_id=511"},"modified":"2022-05-31T12:22:48","modified_gmt":"2022-05-31T10:22:48","slug":"core-competencies","status":"publish","type":"page","link":"https:\/\/www.sef-technologies.com\/en\/core-competencies\/","title":{"rendered":"Core competencies"},"content":{"rendered":"<div class=\"wpb-content-wrapper\"><p>[vc_row full_width=&#8221;stretch_row&#8221;][vc_column][vc_row_inner el_id=&#8221;ingenierie&#8221;][vc_column_inner][hc_custom_heading title=&#8221;Core competencies&#8221; align=&#8221;center&#8221; heading=&#8221;h2&#8243; subtitle=&#8221;Core competencies&#8221; color=&#8221;grey&#8221;][vc_column_text el_class=&#8221;text-center&#8221;]<\/p>\n<p style=\"text-align: center;\">SEF is an expert in producing coils and electromagnets for particle accelerators. In this capacity SEF develops prototypes and manufactures products to customer specifications. We control the entire production cycle from design studies to delivery of the finished product, guaranteeing optimal production quality, respect for deadlines, and customised solutions.<\/p>\n<p>[\/vc_column_text][\/vc_column_inner][\/vc_row_inner][\/vc_column][\/vc_row][vc_row full_width=&#8221;stretch_row&#8221; css=&#8221;.vc_custom_1604927036249{background-position: center !important;background-repeat: no-repeat !important;background-size: cover !important;}&#8221;][vc_column css=&#8221;.vc_custom_1594026661499{padding-top: 0px !important;}&#8221;][vc_row_inner equal_height=&#8221;yes&#8221;][vc_column_inner width=&#8221;1\/2&#8243; css=&#8221;.vc_custom_1604927085292{margin-right: 10px !important;margin-bottom: 20px !important;margin-left: 10px !important;padding-top: 20px !important;padding-right: 50px !important;padding-bottom: 20px !important;padding-left: 50px !important;background-color: #f5f5f5 !important;}&#8221; offset=&#8221;vc_col-md-4&#8243;][vc_single_image image=&#8221;51&#8243; img_size=&#8221;full&#8221;][vc_column_text]<\/p>\n<h3><strong>Engineering<\/strong><\/h3>\n<p>[\/vc_column_text][vc_column_text]Equipped with CAD\/CAM software, SEF carries out the studies required to optimise the manufacture of magnets. This phase is\u00a0 a key step in the finalisation of detailed plans, and proposing and integrating modifications needed to produce them. It is carried out in close collaboration with the customer and is essential to produce unique, complex and tailor-made products.[\/vc_column_text][\/vc_column_inner][vc_column_inner width=&#8221;1\/2&#8243; css=&#8221;.vc_custom_1604927093852{margin-right: 10px !important;margin-bottom: 20px !important;margin-left: 10px !important;padding-top: 20px !important;padding-right: 50px !important;padding-bottom: 20px !important;padding-left: 50px !important;background-color: #f5f5f5 !important;}&#8221; offset=&#8221;vc_col-md-4&#8243;][vc_single_image image=&#8221;53&#8243; img_size=&#8221;full&#8221;][vc_column_text]<\/p>\n<h3><strong>Production<br \/>\nof coils<\/strong><strong><br \/>\n<\/strong><\/h3>\n<p>[\/vc_column_text][vc_column_text]Each coil is a unique, hand-crafted product that meets the most demanding quality standards. Tooling, winding, casting, vacuum impregnation, and hydraulic, electrical and insulation tests all require specialized expertise combining the excellence of craftsmanship and the rigour of industrial processes.[\/vc_column_text][\/vc_column_inner][vc_column_inner css=&#8221;.vc_custom_1604927159685{padding-top: 475px !important;background-image: url(https:\/\/www.sef-technologies.com\/wp-content\/uploads\/2020\/07\/montage.png?id=247) !important;background-position: 0 0 !important;background-repeat: no-repeat !important;}&#8221; offset=&#8221;vc_col-md-4&#8243;][\/vc_column_inner][\/vc_row_inner][\/vc_column][\/vc_row][vc_row full_width=&#8221;stretch_row_content&#8221; equal_height=&#8221;yes&#8221; css=&#8221;.vc_custom_1594623943798{padding-top: 0px !important;}&#8221; el_id=&#8221;usinage&#8221;][vc_column][vc_empty_space][\/vc_column][\/vc_row][vc_row full_width=&#8221;stretch_row&#8221; css=&#8221;.vc_custom_1594026868351{background-image: url(https:\/\/www.sef-technologies.com\/wp-content\/uploads\/2020\/07\/photo_1_2-2.jpg?id=266) !important;background-position: center !important;background-repeat: no-repeat !important;background-size: cover !important;}&#8221;][vc_column css=&#8221;.vc_custom_1594026642204{padding-top: 0px !important;}&#8221;][vc_row_inner equal_height=&#8221;yes&#8221; css=&#8221;.vc_custom_1594026621793{padding-top: 0px !important;}&#8221;][vc_column_inner width=&#8221;1\/3&#8243; css=&#8221;.vc_custom_1594023814250{margin-right: 20px !important;}&#8221;][\/vc_column_inner][vc_column_inner width=&#8221;1\/3&#8243; css=&#8221;.vc_custom_1594025058679{margin-right: 10px !important;margin-bottom: 20px !important;margin-left: 10px !important;padding-top: 20px !important;padding-right: 50px !important;padding-bottom: 20px !important;padding-left: 50px !important;background-color: #f5f5f5 !important;}&#8221;][vc_single_image image=&#8221;62&#8243; img_size=&#8221;full&#8221;][vc_column_text]<\/p>\n<h3><strong>Machining<\/strong><\/h3>\n<p>[\/vc_column_text][vc_column_text]SEF is equipped with its own mechanical workshop ensuring that it controls the entire electromagnet production process. The machining of parts in its own workshops allows SEF to be proactive, while ensuring optimal security, competitive pricing, and a total autonomy when it comes to producing electromechanical assemblies.<\/p>\n<p>Equipped with high precision industrial capacities, SEF also provides machining services on request for research centres and higher education institutions such as ONERA, ENSEEIHT and ISAE, and industrial companies such as SAFRAN, SKF and AIRBUS Group.[\/vc_column_text][\/vc_column_inner][vc_column_inner width=&#8221;1\/3&#8243; css=&#8221;.vc_custom_1594025068164{margin-right: 10px !important;margin-bottom: 20px !important;margin-left: 10px !important;padding-top: 20px !important;padding-right: 50px !important;padding-bottom: 20px !important;padding-left: 50px !important;background-color: #f5f5f5 !important;}&#8221;][vc_single_image image=&#8221;55&#8243; img_size=&#8221;full&#8221;][vc_column_text]<\/p>\n<h3><strong>Assembly, control and testing<\/strong><\/h3>\n<p>[\/vc_column_text][vc_column_text]Each magnet produced by SEF requires the utmost accuracy in assembly. SEF dedicates specific skills and resources to delivering the highest quality magnets. As part of this approach, SEF tests and verifies the performances of each magnet to validate compliance with specifications and adjust<span style=\"text-decoration: line-through;\">s<\/span> them if necessary. Our engineers use a state-of-the-art magnetic measurement bench.[\/vc_column_text][\/vc_column_inner][\/vc_row_inner][\/vc_column][\/vc_row][vc_row full_width=&#8221;stretch_row_content&#8221; equal_height=&#8221;yes&#8221; css=&#8221;.vc_custom_1594024099019{padding-top: 0px !important;}&#8221;][vc_column][vc_empty_space][\/vc_column][\/vc_row][vc_row full_width=&#8221;stretch_row_content&#8221;][vc_column][vc_row_inner equal_height=&#8221;yes&#8221;][vc_column_inner width=&#8221;1\/4&#8243; css=&#8221;.vc_custom_1595240102702{margin-right: 5px !important;margin-bottom: 10px !important;margin-left: 10px !important;background-color: #f38c49 !important;}&#8221;][vc_empty_space height=&#8221;50px&#8221;][vc_column_text css=&#8221;.vc_custom_1596555634193{margin-bottom: 25px !important;padding-right: 5% !important;padding-left: 5% !important;}&#8221; el_class=&#8221;text-white&#8221;]<\/p>\n<h3 style=\"text-transform: uppercase; text-align: center;\"><strong><span class=\"tlid-translation translation\" lang=\"en\"><span title=\"\">Discover<\/span><br \/>\n<span class=\"\" title=\"\">our MACHINERY<\/span><\/span><\/strong><\/h3>\n<p>[\/vc_column_text][vc_btn title=&#8221;Discover&#8221; shape=&#8221;square&#8221; color=&#8221;white&#8221; align=&#8221;center&#8221; el_class=&#8221;btn-white&#8221; link=&#8221;url:https%3A%2F%2Fwww.sef-technologies.com%2Fen%2Fmachinery%2F|title:Discover||&#8221;][\/vc_column_inner][vc_column_inner width=&#8221;1\/4&#8243; css=&#8221;.vc_custom_1595240018048{padding-right: 5px !important;padding-bottom: 10px !important;padding-left: 5px !important;}&#8221;][img_hover img=&#8221;1097&#8243; contenu=&#8221;BOBINE QUADRUPOLE CERN&#8221;][\/vc_column_inner][vc_column_inner width=&#8221;1\/2&#8243; css=&#8221;.vc_custom_1595240011127{padding-right: 10px !important;padding-bottom: 10px !important;padding-left: 5px !important;}&#8221;][img_hover img=&#8221;253&#8243; contenu=&#8221;BUNCHER CEA THALES&#8221;][\/vc_column_inner][\/vc_row_inner][\/vc_column][\/vc_row]<\/p>\n<\/div>","protected":false},"excerpt":{"rendered":"<p>[vc_row full_width=&#8221;stretch_row&#8221;][vc_column][vc_row_inner el_id=&#8221;ingenierie&#8221;][vc_column_inner][hc_custom_heading title=&#8221;Core competencies&#8221; align=&#8221;center&#8221; heading=&#8221;h2&#8243; subtitle=&#8221;Core competencies&#8221; color=&#8221;grey&#8221;][vc_column_text el_class=&#8221;text-center&#8221;] SEF is an expert in producing coils and electromagnets for particle accelerators. In this capacity SEF develops prototypes and manufactures products to customer specifications. We control the entire production cycle from design studies to delivery of the finished product, guaranteeing optimal production quality, respect &hellip;<\/p>\n","protected":false},"author":1,"featured_media":718,"parent":0,"menu_order":0,"comment_status":"closed","ping_status":"closed","template":"","meta":{"footnotes":""},"class_list":["post-511","page","type-page","status-publish","has-post-thumbnail","hentry"],"yoast_head":"<!-- This site is optimized with the Yoast SEO plugin v26.8 - https:\/\/yoast.com\/product\/yoast-seo-wordpress\/ -->\n<title>Core competencies - SEF Technologies<\/title>\n<meta name=\"description\" content=\"SEF controls the entire production cycle from design studies to delivery of the finished product : engineering, production of coils, machining, assembly, control &amp; testing.\" \/>\n<meta name=\"robots\" content=\"index, follow, max-snippet:-1, max-image-preview:large, max-video-preview:-1\" \/>\n<link rel=\"canonical\" href=\"https:\/\/www.sef-technologies.com\/en\/core-competencies\/\" \/>\n<meta property=\"og:locale\" content=\"en_US\" \/>\n<meta property=\"og:type\" content=\"article\" \/>\n<meta property=\"og:title\" content=\"Core competencies - SEF Technologies\" \/>\n<meta property=\"og:description\" content=\"SEF controls the entire production cycle from design studies to delivery of the finished product : engineering, production of coils, machining, assembly, control &amp; testing.\" \/>\n<meta property=\"og:url\" content=\"https:\/\/www.sef-technologies.com\/en\/core-competencies\/\" \/>\n<meta property=\"og:site_name\" content=\"SEF Technologies\" \/>\n<meta property=\"article:modified_time\" content=\"2022-05-31T10:22:48+00:00\" \/>\n<meta property=\"og:image\" content=\"https:\/\/www.sef-technologies.com\/wp-content\/uploads\/2020\/07\/logo_200x200.jpg\" \/>\n\t<meta property=\"og:image:width\" content=\"200\" \/>\n\t<meta property=\"og:image:height\" content=\"200\" \/>\n\t<meta property=\"og:image:type\" content=\"image\/jpeg\" \/>\n<meta name=\"twitter:card\" content=\"summary_large_image\" \/>\n<meta name=\"twitter:label1\" content=\"Est. reading time\" \/>\n\t<meta name=\"twitter:data1\" content=\"3 minutes\" \/>\n<script type=\"application\/ld+json\" class=\"yoast-schema-graph\">{\"@context\":\"https:\/\/schema.org\",\"@graph\":[{\"@type\":\"WebPage\",\"@id\":\"https:\/\/www.sef-technologies.com\/en\/core-competencies\/\",\"url\":\"https:\/\/www.sef-technologies.com\/en\/core-competencies\/\",\"name\":\"Core competencies - SEF Technologies\",\"isPartOf\":{\"@id\":\"https:\/\/www.sef-technologies.com\/#website\"},\"primaryImageOfPage\":{\"@id\":\"https:\/\/www.sef-technologies.com\/en\/core-competencies\/#primaryimage\"},\"image\":{\"@id\":\"https:\/\/www.sef-technologies.com\/en\/core-competencies\/#primaryimage\"},\"thumbnailUrl\":\"https:\/\/www.sef-technologies.com\/wp-content\/uploads\/2020\/07\/logo_200x200.jpg\",\"datePublished\":\"2020-07-13T10:34:58+00:00\",\"dateModified\":\"2022-05-31T10:22:48+00:00\",\"description\":\"SEF controls the entire production cycle from design studies to delivery of the finished product : engineering, production of coils, machining, assembly, control & testing.\",\"breadcrumb\":{\"@id\":\"https:\/\/www.sef-technologies.com\/en\/core-competencies\/#breadcrumb\"},\"inLanguage\":\"en-US\",\"potentialAction\":[{\"@type\":\"ReadAction\",\"target\":[\"https:\/\/www.sef-technologies.com\/en\/core-competencies\/\"]}]},{\"@type\":\"ImageObject\",\"inLanguage\":\"en-US\",\"@id\":\"https:\/\/www.sef-technologies.com\/en\/core-competencies\/#primaryimage\",\"url\":\"https:\/\/www.sef-technologies.com\/wp-content\/uploads\/2020\/07\/logo_200x200.jpg\",\"contentUrl\":\"https:\/\/www.sef-technologies.com\/wp-content\/uploads\/2020\/07\/logo_200x200.jpg\",\"width\":200,\"height\":200},{\"@type\":\"BreadcrumbList\",\"@id\":\"https:\/\/www.sef-technologies.com\/en\/core-competencies\/#breadcrumb\",\"itemListElement\":[{\"@type\":\"ListItem\",\"position\":1,\"name\":\"Accueil\",\"item\":\"https:\/\/www.sef-technologies.com\/en\/\"},{\"@type\":\"ListItem\",\"position\":2,\"name\":\"Core competencies\"}]},{\"@type\":\"WebSite\",\"@id\":\"https:\/\/www.sef-technologies.com\/#website\",\"url\":\"https:\/\/www.sef-technologies.com\/\",\"name\":\"SEF Technologies\",\"description\":\"Expert en r\u00e9alisation de bobines et d\u2019\u00e9lectroaimants pour acc\u00e9l\u00e9rateurs de particules\",\"publisher\":{\"@id\":\"https:\/\/www.sef-technologies.com\/#organization\"},\"potentialAction\":[{\"@type\":\"SearchAction\",\"target\":{\"@type\":\"EntryPoint\",\"urlTemplate\":\"https:\/\/www.sef-technologies.com\/?s={search_term_string}\"},\"query-input\":{\"@type\":\"PropertyValueSpecification\",\"valueRequired\":true,\"valueName\":\"search_term_string\"}}],\"inLanguage\":\"en-US\"},{\"@type\":\"Organization\",\"@id\":\"https:\/\/www.sef-technologies.com\/#organization\",\"name\":\"SEF Technologies\",\"url\":\"https:\/\/www.sef-technologies.com\/\",\"logo\":{\"@type\":\"ImageObject\",\"inLanguage\":\"en-US\",\"@id\":\"https:\/\/www.sef-technologies.com\/#\/schema\/logo\/image\/\",\"url\":\"https:\/\/www.sef-technologies.com\/wp-content\/uploads\/2020\/07\/logo_200x200.jpg\",\"contentUrl\":\"https:\/\/www.sef-technologies.com\/wp-content\/uploads\/2020\/07\/logo_200x200.jpg\",\"width\":200,\"height\":200,\"caption\":\"SEF Technologies\"},\"image\":{\"@id\":\"https:\/\/www.sef-technologies.com\/#\/schema\/logo\/image\/\"}}]}<\/script>\n<!-- \/ Yoast SEO plugin. -->","yoast_head_json":{"title":"Core competencies - SEF Technologies","description":"SEF controls the entire production cycle from design studies to delivery of the finished product : engineering, production of coils, machining, assembly, control & testing.","robots":{"index":"index","follow":"follow","max-snippet":"max-snippet:-1","max-image-preview":"max-image-preview:large","max-video-preview":"max-video-preview:-1"},"canonical":"https:\/\/www.sef-technologies.com\/en\/core-competencies\/","og_locale":"en_US","og_type":"article","og_title":"Core competencies - SEF Technologies","og_description":"SEF controls the entire production cycle from design studies to delivery of the finished product : engineering, production of coils, machining, assembly, control & testing.","og_url":"https:\/\/www.sef-technologies.com\/en\/core-competencies\/","og_site_name":"SEF Technologies","article_modified_time":"2022-05-31T10:22:48+00:00","og_image":[{"width":200,"height":200,"url":"https:\/\/www.sef-technologies.com\/wp-content\/uploads\/2020\/07\/logo_200x200.jpg","type":"image\/jpeg"}],"twitter_card":"summary_large_image","twitter_misc":{"Est. reading time":"3 minutes"},"schema":{"@context":"https:\/\/schema.org","@graph":[{"@type":"WebPage","@id":"https:\/\/www.sef-technologies.com\/en\/core-competencies\/","url":"https:\/\/www.sef-technologies.com\/en\/core-competencies\/","name":"Core competencies - SEF Technologies","isPartOf":{"@id":"https:\/\/www.sef-technologies.com\/#website"},"primaryImageOfPage":{"@id":"https:\/\/www.sef-technologies.com\/en\/core-competencies\/#primaryimage"},"image":{"@id":"https:\/\/www.sef-technologies.com\/en\/core-competencies\/#primaryimage"},"thumbnailUrl":"https:\/\/www.sef-technologies.com\/wp-content\/uploads\/2020\/07\/logo_200x200.jpg","datePublished":"2020-07-13T10:34:58+00:00","dateModified":"2022-05-31T10:22:48+00:00","description":"SEF controls the entire production cycle from design studies to delivery of the finished product : engineering, production of coils, machining, assembly, control & testing.","breadcrumb":{"@id":"https:\/\/www.sef-technologies.com\/en\/core-competencies\/#breadcrumb"},"inLanguage":"en-US","potentialAction":[{"@type":"ReadAction","target":["https:\/\/www.sef-technologies.com\/en\/core-competencies\/"]}]},{"@type":"ImageObject","inLanguage":"en-US","@id":"https:\/\/www.sef-technologies.com\/en\/core-competencies\/#primaryimage","url":"https:\/\/www.sef-technologies.com\/wp-content\/uploads\/2020\/07\/logo_200x200.jpg","contentUrl":"https:\/\/www.sef-technologies.com\/wp-content\/uploads\/2020\/07\/logo_200x200.jpg","width":200,"height":200},{"@type":"BreadcrumbList","@id":"https:\/\/www.sef-technologies.com\/en\/core-competencies\/#breadcrumb","itemListElement":[{"@type":"ListItem","position":1,"name":"Accueil","item":"https:\/\/www.sef-technologies.com\/en\/"},{"@type":"ListItem","position":2,"name":"Core competencies"}]},{"@type":"WebSite","@id":"https:\/\/www.sef-technologies.com\/#website","url":"https:\/\/www.sef-technologies.com\/","name":"SEF Technologies","description":"Expert en r\u00e9alisation de bobines et d\u2019\u00e9lectroaimants pour acc\u00e9l\u00e9rateurs de particules","publisher":{"@id":"https:\/\/www.sef-technologies.com\/#organization"},"potentialAction":[{"@type":"SearchAction","target":{"@type":"EntryPoint","urlTemplate":"https:\/\/www.sef-technologies.com\/?s={search_term_string}"},"query-input":{"@type":"PropertyValueSpecification","valueRequired":true,"valueName":"search_term_string"}}],"inLanguage":"en-US"},{"@type":"Organization","@id":"https:\/\/www.sef-technologies.com\/#organization","name":"SEF Technologies","url":"https:\/\/www.sef-technologies.com\/","logo":{"@type":"ImageObject","inLanguage":"en-US","@id":"https:\/\/www.sef-technologies.com\/#\/schema\/logo\/image\/","url":"https:\/\/www.sef-technologies.com\/wp-content\/uploads\/2020\/07\/logo_200x200.jpg","contentUrl":"https:\/\/www.sef-technologies.com\/wp-content\/uploads\/2020\/07\/logo_200x200.jpg","width":200,"height":200,"caption":"SEF Technologies"},"image":{"@id":"https:\/\/www.sef-technologies.com\/#\/schema\/logo\/image\/"}}]}},"_links":{"self":[{"href":"https:\/\/www.sef-technologies.com\/en\/wp-json\/wp\/v2\/pages\/511","targetHints":{"allow":["GET"]}}],"collection":[{"href":"https:\/\/www.sef-technologies.com\/en\/wp-json\/wp\/v2\/pages"}],"about":[{"href":"https:\/\/www.sef-technologies.com\/en\/wp-json\/wp\/v2\/types\/page"}],"author":[{"embeddable":true,"href":"https:\/\/www.sef-technologies.com\/en\/wp-json\/wp\/v2\/users\/1"}],"replies":[{"embeddable":true,"href":"https:\/\/www.sef-technologies.com\/en\/wp-json\/wp\/v2\/comments?post=511"}],"version-history":[{"count":26,"href":"https:\/\/www.sef-technologies.com\/en\/wp-json\/wp\/v2\/pages\/511\/revisions"}],"predecessor-version":[{"id":1180,"href":"https:\/\/www.sef-technologies.com\/en\/wp-json\/wp\/v2\/pages\/511\/revisions\/1180"}],"wp:featuredmedia":[{"embeddable":true,"href":"https:\/\/www.sef-technologies.com\/en\/wp-json\/wp\/v2\/media\/718"}],"wp:attachment":[{"href":"https:\/\/www.sef-technologies.com\/en\/wp-json\/wp\/v2\/media?parent=511"}],"curies":[{"name":"wp","href":"https:\/\/api.w.org\/{rel}","templated":true}]}}