{"id":514,"date":"2020-07-13T12:36:06","date_gmt":"2020-07-13T10:36:06","guid":{"rendered":"https:\/\/sef-technologies.prep.demohc.com\/?page_id=514"},"modified":"2025-03-21T16:59:19","modified_gmt":"2025-03-21T15:59:19","slug":"news","status":"publish","type":"page","link":"https:\/\/www.sef-technologies.com\/en\/news\/","title":{"rendered":"News"},"content":{"rendered":"<div class=\"wpb-content-wrapper\"><p>[vc_row][vc_column][hc_custom_heading subtitle=&#8221;news&#8221; color=&#8221;grey&#8221; title=&#8221;news&#8221; align=&#8221;center&#8221; heading=&#8221;h2&#8243;][\/hc_custom_heading][\/vc_column][\/vc_row][vc_row][vc_column][vc_column_text]<\/p>\n<p style=\"text-align: center;\"><strong>We are pleased to announce that we have obtained ISO 9001 certification.<\/strong><\/p>\n<p>[\/vc_column_text][\/vc_column][\/vc_row][vc_row][vc_column width=&#8221;1\/2&#8243;][vc_single_image image=&#8221;1477&#8243; img_size=&#8221;full&#8221;][\/vc_column][vc_column width=&#8221;1\/2&#8243;][vc_single_image image=&#8221;1479&#8243; img_size=&#8221;full&#8221;][\/vc_column][\/vc_row][vc_row disable_element=&#8221;yes&#8221;][vc_column width=&#8221;1\/3&#8243; offset=&#8221;vc_col-md-2 vc_hidden-sm vc_hidden-xs&#8221;][\/vc_column][vc_column offset=&#8221;vc_col-md-8&#8243;][vc_column_text]<strong><span lang=\"EN-GB\">By end of August 2024, SEF will attend<\/span><\/strong><span lang=\"EN-GB\"> <b>the 32<\/b><\/span><b><sup><span lang=\"EN-GB\">nd<\/span><\/sup><\/b><b><span lang=\"EN-GB\">\u00a0Linear Accelerator Conference (LINAC)<\/span><\/b> <strong><span lang=\"EN-GB\">in CHICAGO, USA.<\/span><\/strong><\/p>\n<p><span lang=\"EN-GB\">Join and meet us at Boot 12th. We shall discuss about your projects.<\/span>[\/vc_column_text][vc_single_image image=&#8221;1440&#8243; img_size=&#8221;full&#8221;][\/vc_column][vc_column width=&#8221;1\/3&#8243; offset=&#8221;vc_col-md-2 vc_hidden-sm vc_hidden-xs&#8221;][\/vc_column][\/vc_row][vc_row disable_element=&#8221;yes&#8221;][vc_column width=&#8221;1\/3&#8243; offset=&#8221;vc_col-md-2 vc_hidden-sm vc_hidden-xs&#8221;][\/vc_column][vc_column offset=&#8221;vc_col-md-8&#8243;][vc_column_text]<\/p>\n<p style=\"font-weight: 400;\"><strong>In may 2024, SEF will participate to the 15th International Particle Accelerator Conference in Nashville,Tennessee, USA<\/strong>.<\/p>\n<p style=\"font-weight: 400;\">Join and meet us at Boot 22th. We shall discuss about your projects.<\/p>\n<p>[\/vc_column_text][vc_single_image image=&#8221;1431&#8243; img_size=&#8221;full&#8221;][\/vc_column][vc_column width=&#8221;1\/3&#8243; offset=&#8221;vc_col-md-2 vc_hidden-sm vc_hidden-xs&#8221;][\/vc_column][\/vc_row][vc_row disable_element=&#8221;yes&#8221;][vc_column width=&#8221;1\/3&#8243; offset=&#8221;vc_col-md-2 vc_hidden-sm vc_hidden-xs&#8221;][\/vc_column][vc_column offset=&#8221;vc_col-md-8&#8243;][vc_column_text]<strong>SEF will participate in the 14th International Particle Accelerator Conference from the 7th to 12th of May 2023 in Venice, Italy.<\/strong><\/p>\n<p>We will be happy to meet you there.[\/vc_column_text][vc_single_image image=&#8221;1303&#8243; img_size=&#8221;full&#8221;][\/vc_column][vc_column width=&#8221;1\/3&#8243; offset=&#8221;vc_col-md-2 vc_hidden-sm vc_hidden-xs&#8221;][\/vc_column][\/vc_row][vc_row disable_element=&#8221;yes&#8221;][vc_column width=&#8221;1\/3&#8243; offset=&#8221;vc_col-md-2 vc_hidden-sm vc_hidden-xs&#8221;][\/vc_column][vc_column offset=&#8221;vc_col-md-8&#8243;][vc_column_text]<strong>SEF will participate in the 13th International Particle Accelerator Conference from the 12th to 17th of June 2022 in Bangkok, Tha\u00efland.<\/strong><\/p>\n<p>We will be happy to meet you there.[\/vc_column_text][vc_single_image image=&#8221;1303&#8243; img_size=&#8221;full&#8221;][\/vc_column][vc_column width=&#8221;1\/3&#8243; offset=&#8221;vc_col-md-2 vc_hidden-sm vc_hidden-xs&#8221;][\/vc_column][\/vc_row][vc_row disable_element=&#8221;yes&#8221;][vc_column width=&#8221;1\/3&#8243; offset=&#8221;vc_col-md-2 vc_hidden-sm vc_hidden-xs&#8221;][\/vc_column][vc_column offset=&#8221;vc_col-md-8&#8243;][vc_column_text]SEF will participate from 12 to 15 October 2021 in the accelerator days organized by the office of the accelerator division of the French physics society . We will be happy to meet you there.[\/vc_column_text][vc_single_image image=&#8221;1119&#8243; img_size=&#8221;full&#8221;][\/vc_column][vc_column width=&#8221;1\/3&#8243; offset=&#8221;vc_col-md-2 vc_hidden-sm vc_hidden-xs&#8221;][\/vc_column][\/vc_row]<\/p>\n<\/div>","protected":false},"excerpt":{"rendered":"<p>[vc_row][vc_column][hc_custom_heading subtitle=&#8221;news&#8221; color=&#8221;grey&#8221; title=&#8221;news&#8221; align=&#8221;center&#8221; heading=&#8221;h2&#8243;][\/hc_custom_heading][\/vc_column][\/vc_row][vc_row][vc_column][vc_column_text] We are pleased to announce that we have obtained ISO 9001 certification. [\/vc_column_text][\/vc_column][\/vc_row][vc_row][vc_column width=&#8221;1\/2&#8243;][vc_single_image image=&#8221;1477&#8243; img_size=&#8221;full&#8221;][\/vc_column][vc_column width=&#8221;1\/2&#8243;][vc_single_image image=&#8221;1479&#8243; img_size=&#8221;full&#8221;][\/vc_column][\/vc_row][vc_row disable_element=&#8221;yes&#8221;][vc_column width=&#8221;1\/3&#8243; offset=&#8221;vc_col-md-2 vc_hidden-sm vc_hidden-xs&#8221;][\/vc_column][vc_column offset=&#8221;vc_col-md-8&#8243;][vc_column_text]By end of August 2024, SEF will attend the 32nd\u00a0Linear Accelerator Conference (LINAC) in CHICAGO, USA. Join and meet us at Boot 12th. We shall &hellip;<\/p>\n","protected":false},"author":1,"featured_media":718,"parent":0,"menu_order":0,"comment_status":"closed","ping_status":"closed","template":"","meta":{"footnotes":""},"class_list":["post-514","page","type-page","status-publish","has-post-thumbnail","hentry"],"yoast_head":"<!-- This site is optimized with the Yoast SEO plugin v26.8 - https:\/\/yoast.com\/product\/yoast-seo-wordpress\/ -->\n<title>News - SEF Technologies<\/title>\n<meta name=\"description\" content=\"Projets gagn\u00e9s ou livr\u00e9s, incentive \u00e9quipe etc : d\u00e9couvrez ici toute l&#039;actualit\u00e9 de SEF !\" \/>\n<meta name=\"robots\" content=\"index, follow, max-snippet:-1, max-image-preview:large, max-video-preview:-1\" \/>\n<link rel=\"canonical\" href=\"https:\/\/www.sef-technologies.com\/en\/news\/\" \/>\n<meta property=\"og:locale\" content=\"en_US\" \/>\n<meta property=\"og:type\" content=\"article\" \/>\n<meta property=\"og:title\" content=\"News - SEF Technologies\" \/>\n<meta property=\"og:description\" content=\"Projets gagn\u00e9s ou livr\u00e9s, incentive \u00e9quipe etc : d\u00e9couvrez ici toute l&#039;actualit\u00e9 de SEF !\" \/>\n<meta property=\"og:url\" content=\"https:\/\/www.sef-technologies.com\/en\/news\/\" \/>\n<meta property=\"og:site_name\" content=\"SEF Technologies\" \/>\n<meta property=\"article:modified_time\" content=\"2025-03-21T15:59:19+00:00\" \/>\n<meta property=\"og:image\" content=\"https:\/\/www.sef-technologies.com\/wp-content\/uploads\/2020\/07\/logo_200x200.jpg\" \/>\n\t<meta property=\"og:image:width\" content=\"200\" \/>\n\t<meta property=\"og:image:height\" content=\"200\" \/>\n\t<meta property=\"og:image:type\" content=\"image\/jpeg\" \/>\n<meta name=\"twitter:card\" content=\"summary_large_image\" \/>\n<meta name=\"twitter:label1\" content=\"Est. reading time\" \/>\n\t<meta name=\"twitter:data1\" content=\"3 minutes\" \/>\n<script type=\"application\/ld+json\" class=\"yoast-schema-graph\">{\"@context\":\"https:\/\/schema.org\",\"@graph\":[{\"@type\":\"WebPage\",\"@id\":\"https:\/\/www.sef-technologies.com\/en\/news\/\",\"url\":\"https:\/\/www.sef-technologies.com\/en\/news\/\",\"name\":\"News - SEF Technologies\",\"isPartOf\":{\"@id\":\"https:\/\/www.sef-technologies.com\/#website\"},\"primaryImageOfPage\":{\"@id\":\"https:\/\/www.sef-technologies.com\/en\/news\/#primaryimage\"},\"image\":{\"@id\":\"https:\/\/www.sef-technologies.com\/en\/news\/#primaryimage\"},\"thumbnailUrl\":\"https:\/\/www.sef-technologies.com\/wp-content\/uploads\/2020\/07\/logo_200x200.jpg\",\"datePublished\":\"2020-07-13T10:36:06+00:00\",\"dateModified\":\"2025-03-21T15:59:19+00:00\",\"description\":\"Projets gagn\u00e9s ou livr\u00e9s, incentive \u00e9quipe etc : d\u00e9couvrez ici toute l'actualit\u00e9 de SEF !\",\"breadcrumb\":{\"@id\":\"https:\/\/www.sef-technologies.com\/en\/news\/#breadcrumb\"},\"inLanguage\":\"en-US\",\"potentialAction\":[{\"@type\":\"ReadAction\",\"target\":[\"https:\/\/www.sef-technologies.com\/en\/news\/\"]}]},{\"@type\":\"ImageObject\",\"inLanguage\":\"en-US\",\"@id\":\"https:\/\/www.sef-technologies.com\/en\/news\/#primaryimage\",\"url\":\"https:\/\/www.sef-technologies.com\/wp-content\/uploads\/2020\/07\/logo_200x200.jpg\",\"contentUrl\":\"https:\/\/www.sef-technologies.com\/wp-content\/uploads\/2020\/07\/logo_200x200.jpg\",\"width\":200,\"height\":200},{\"@type\":\"BreadcrumbList\",\"@id\":\"https:\/\/www.sef-technologies.com\/en\/news\/#breadcrumb\",\"itemListElement\":[{\"@type\":\"ListItem\",\"position\":1,\"name\":\"Accueil\",\"item\":\"https:\/\/www.sef-technologies.com\/en\/\"},{\"@type\":\"ListItem\",\"position\":2,\"name\":\"News\"}]},{\"@type\":\"WebSite\",\"@id\":\"https:\/\/www.sef-technologies.com\/#website\",\"url\":\"https:\/\/www.sef-technologies.com\/\",\"name\":\"SEF Technologies\",\"description\":\"Expert en r\u00e9alisation de bobines et d\u2019\u00e9lectroaimants pour acc\u00e9l\u00e9rateurs de particules\",\"publisher\":{\"@id\":\"https:\/\/www.sef-technologies.com\/#organization\"},\"potentialAction\":[{\"@type\":\"SearchAction\",\"target\":{\"@type\":\"EntryPoint\",\"urlTemplate\":\"https:\/\/www.sef-technologies.com\/?s={search_term_string}\"},\"query-input\":{\"@type\":\"PropertyValueSpecification\",\"valueRequired\":true,\"valueName\":\"search_term_string\"}}],\"inLanguage\":\"en-US\"},{\"@type\":\"Organization\",\"@id\":\"https:\/\/www.sef-technologies.com\/#organization\",\"name\":\"SEF Technologies\",\"url\":\"https:\/\/www.sef-technologies.com\/\",\"logo\":{\"@type\":\"ImageObject\",\"inLanguage\":\"en-US\",\"@id\":\"https:\/\/www.sef-technologies.com\/#\/schema\/logo\/image\/\",\"url\":\"https:\/\/www.sef-technologies.com\/wp-content\/uploads\/2020\/07\/logo_200x200.jpg\",\"contentUrl\":\"https:\/\/www.sef-technologies.com\/wp-content\/uploads\/2020\/07\/logo_200x200.jpg\",\"width\":200,\"height\":200,\"caption\":\"SEF Technologies\"},\"image\":{\"@id\":\"https:\/\/www.sef-technologies.com\/#\/schema\/logo\/image\/\"}}]}<\/script>\n<!-- \/ Yoast SEO plugin. -->","yoast_head_json":{"title":"News - SEF Technologies","description":"Projets gagn\u00e9s ou livr\u00e9s, incentive \u00e9quipe etc : d\u00e9couvrez ici toute l'actualit\u00e9 de SEF !","robots":{"index":"index","follow":"follow","max-snippet":"max-snippet:-1","max-image-preview":"max-image-preview:large","max-video-preview":"max-video-preview:-1"},"canonical":"https:\/\/www.sef-technologies.com\/en\/news\/","og_locale":"en_US","og_type":"article","og_title":"News - SEF Technologies","og_description":"Projets gagn\u00e9s ou livr\u00e9s, incentive \u00e9quipe etc : d\u00e9couvrez ici toute l'actualit\u00e9 de SEF !","og_url":"https:\/\/www.sef-technologies.com\/en\/news\/","og_site_name":"SEF Technologies","article_modified_time":"2025-03-21T15:59:19+00:00","og_image":[{"width":200,"height":200,"url":"https:\/\/www.sef-technologies.com\/wp-content\/uploads\/2020\/07\/logo_200x200.jpg","type":"image\/jpeg"}],"twitter_card":"summary_large_image","twitter_misc":{"Est. reading time":"3 minutes"},"schema":{"@context":"https:\/\/schema.org","@graph":[{"@type":"WebPage","@id":"https:\/\/www.sef-technologies.com\/en\/news\/","url":"https:\/\/www.sef-technologies.com\/en\/news\/","name":"News - SEF Technologies","isPartOf":{"@id":"https:\/\/www.sef-technologies.com\/#website"},"primaryImageOfPage":{"@id":"https:\/\/www.sef-technologies.com\/en\/news\/#primaryimage"},"image":{"@id":"https:\/\/www.sef-technologies.com\/en\/news\/#primaryimage"},"thumbnailUrl":"https:\/\/www.sef-technologies.com\/wp-content\/uploads\/2020\/07\/logo_200x200.jpg","datePublished":"2020-07-13T10:36:06+00:00","dateModified":"2025-03-21T15:59:19+00:00","description":"Projets gagn\u00e9s ou livr\u00e9s, incentive \u00e9quipe etc : d\u00e9couvrez ici toute l'actualit\u00e9 de SEF !","breadcrumb":{"@id":"https:\/\/www.sef-technologies.com\/en\/news\/#breadcrumb"},"inLanguage":"en-US","potentialAction":[{"@type":"ReadAction","target":["https:\/\/www.sef-technologies.com\/en\/news\/"]}]},{"@type":"ImageObject","inLanguage":"en-US","@id":"https:\/\/www.sef-technologies.com\/en\/news\/#primaryimage","url":"https:\/\/www.sef-technologies.com\/wp-content\/uploads\/2020\/07\/logo_200x200.jpg","contentUrl":"https:\/\/www.sef-technologies.com\/wp-content\/uploads\/2020\/07\/logo_200x200.jpg","width":200,"height":200},{"@type":"BreadcrumbList","@id":"https:\/\/www.sef-technologies.com\/en\/news\/#breadcrumb","itemListElement":[{"@type":"ListItem","position":1,"name":"Accueil","item":"https:\/\/www.sef-technologies.com\/en\/"},{"@type":"ListItem","position":2,"name":"News"}]},{"@type":"WebSite","@id":"https:\/\/www.sef-technologies.com\/#website","url":"https:\/\/www.sef-technologies.com\/","name":"SEF Technologies","description":"Expert en r\u00e9alisation de bobines et d\u2019\u00e9lectroaimants pour acc\u00e9l\u00e9rateurs de particules","publisher":{"@id":"https:\/\/www.sef-technologies.com\/#organization"},"potentialAction":[{"@type":"SearchAction","target":{"@type":"EntryPoint","urlTemplate":"https:\/\/www.sef-technologies.com\/?s={search_term_string}"},"query-input":{"@type":"PropertyValueSpecification","valueRequired":true,"valueName":"search_term_string"}}],"inLanguage":"en-US"},{"@type":"Organization","@id":"https:\/\/www.sef-technologies.com\/#organization","name":"SEF Technologies","url":"https:\/\/www.sef-technologies.com\/","logo":{"@type":"ImageObject","inLanguage":"en-US","@id":"https:\/\/www.sef-technologies.com\/#\/schema\/logo\/image\/","url":"https:\/\/www.sef-technologies.com\/wp-content\/uploads\/2020\/07\/logo_200x200.jpg","contentUrl":"https:\/\/www.sef-technologies.com\/wp-content\/uploads\/2020\/07\/logo_200x200.jpg","width":200,"height":200,"caption":"SEF Technologies"},"image":{"@id":"https:\/\/www.sef-technologies.com\/#\/schema\/logo\/image\/"}}]}},"_links":{"self":[{"href":"https:\/\/www.sef-technologies.com\/en\/wp-json\/wp\/v2\/pages\/514","targetHints":{"allow":["GET"]}}],"collection":[{"href":"https:\/\/www.sef-technologies.com\/en\/wp-json\/wp\/v2\/pages"}],"about":[{"href":"https:\/\/www.sef-technologies.com\/en\/wp-json\/wp\/v2\/types\/page"}],"author":[{"embeddable":true,"href":"https:\/\/www.sef-technologies.com\/en\/wp-json\/wp\/v2\/users\/1"}],"replies":[{"embeddable":true,"href":"https:\/\/www.sef-technologies.com\/en\/wp-json\/wp\/v2\/comments?post=514"}],"version-history":[{"count":22,"href":"https:\/\/www.sef-technologies.com\/en\/wp-json\/wp\/v2\/pages\/514\/revisions"}],"predecessor-version":[{"id":1517,"href":"https:\/\/www.sef-technologies.com\/en\/wp-json\/wp\/v2\/pages\/514\/revisions\/1517"}],"wp:featuredmedia":[{"embeddable":true,"href":"https:\/\/www.sef-technologies.com\/en\/wp-json\/wp\/v2\/media\/718"}],"wp:attachment":[{"href":"https:\/\/www.sef-technologies.com\/en\/wp-json\/wp\/v2\/media?parent=514"}],"curies":[{"name":"wp","href":"https:\/\/api.w.org\/{rel}","templated":true}]}}