{"id":516,"date":"2020-07-13T12:36:43","date_gmt":"2020-07-13T10:36:43","guid":{"rendered":"https:\/\/sef-technologies.prep.demohc.com\/?page_id=516"},"modified":"2024-06-17T18:29:28","modified_gmt":"2024-06-17T16:29:28","slug":"about-us","status":"publish","type":"page","link":"https:\/\/www.sef-technologies.com\/en\/about-us\/","title":{"rendered":"About us"},"content":{"rendered":"<div class=\"wpb-content-wrapper\"><p>[vc_row full_width=&#8221;stretch_row&#8221; css=&#8221;.vc_custom_1593788155557{background-image: url(https:\/\/www.sef-technologies.com\/wp-content\/uploads\/2020\/07\/carte_2.jpg?id=167) !important;background-position: center !important;background-repeat: no-repeat !important;background-size: cover !important;}&#8221;][vc_column width=&#8221;1\/2&#8243; css=&#8221;.vc_custom_1596545095179{padding-top: 35px !important;}&#8221;][hc_custom_heading color=&#8221;grey&#8221; title=&#8221;The company&#8221; align=&#8221;left&#8221; heading=&#8221;h2&#8243;][\/hc_custom_heading][vc_column_text]SEF, created in 1981, manufactures electromagnets used in particle accelerators, mainly synchrotrons and linear accelerators.<\/p>\n<p>SEF, a high-tech company based in Greater Toulouse, has developed its unique expertise and skills in magnets for over forty years. Thanks to our extensive know-how, reliability, and the high quality of our products, we have earned the trust of leading French and European scientific and industrial organizations and companies including CERN, CEA, THALES, GANIL, ESRF, SOLEIL, CNRS , ELETTRA, SAFRAN\u2026<\/p>\n<p>SEF magnets are used in major scientific synchrotrons (CERN in Geneva, ESRF in Grenoble, SOLEIL in Paris Saclay), in proton radiotherapy machines (IBA), and in equipment used in the manufacture of semiconductors (IBS). With its products and investments, SEF is helping to drive progress in cutting-edge sectors such as fundamental research (Big Science industry), the medical and the semiconductor industries.[\/vc_column_text][\/vc_column][vc_column width=&#8221;1\/2&#8243;][\/vc_column][\/vc_row][vc_row full_width=&#8221;stretch_row&#8221; css=&#8221;.vc_custom_1593787255869{background-image: url(https:\/\/www.sef-technologies.com\/wp-content\/uploads\/2020\/07\/bandeau_image.png?id=165) !important;}&#8221;][vc_column css=&#8221;.vc_custom_1594048591377{margin-bottom: 0px !important;}&#8221;][vc_empty_space height=&#8221;200px&#8221;][vc_row_inner][vc_column_inner width=&#8221;1\/2&#8243; css=&#8221;.vc_custom_1594048604062{padding-top: 30px !important;padding-right: 20px !important;padding-bottom: 30px !important;padding-left: 30px !important;background-color: #f38c49 !important;}&#8221;][vc_column_text css=&#8221;.vc_custom_1594656509844{margin-bottom: 0px !important;padding-right: 20px !important;padding-left: 20px !important;}&#8221; el_class=&#8221;text-white ; font-35&#8243;]<span class=\"tlid-translation translation\" lang=\"en\"><span title=\"\">MORE THAN<\/span><br \/>\n<span class=\"\" title=\"\">40 YEARS<\/span><br \/>\n<span class=\"\" title=\"\">EXPERIENCE<\/span><\/span>[\/vc_column_text][\/vc_column_inner][vc_column_inner width=&#8221;1\/2&#8243;][\/vc_column_inner][\/vc_row_inner][\/vc_column][\/vc_row][vc_row][vc_column][vc_empty_space][vc_row_inner][vc_column_inner width=&#8221;1\/2&#8243;][hc_custom_heading subtitle=&#8221;The collaborators&#8221; color=&#8221;grey&#8221; title=&#8221;The collaborators&#8221; align=&#8221;left&#8221; heading=&#8221;h2&#8243;][\/hc_custom_heading][\/vc_column_inner][vc_column_inner width=&#8221;1\/2&#8243;][\/vc_column_inner][\/vc_row_inner][vc_row_inner][vc_column_inner width=&#8221;1\/2&#8243;][vc_images_carousel images=&#8221;1272,1286,1296,1266,1268,1264,1262,1260,1248,1252,1254,1350,1348,1352,1399,1459,1457,1455&#8243; img_size=&#8221;full&#8221; onclick=&#8221;link_no&#8221; slides_per_view=&#8221;3&#8243; autoplay=&#8221;yes&#8221; hide_pagination_control=&#8221;yes&#8221; wrap=&#8221;yes&#8221;][\/vc_column_inner][vc_column_inner width=&#8221;1\/2&#8243;][vc_empty_space height=&#8221;60px&#8221;][vc_column_text]SEF has a team of twenty experienced, qualified individuals along with four decades of experience. Our operators, technicians, and engineers use their extensive skills and know-how to make each client\u2019s project a success.<\/p>\n<p>Under the impetus of new ownership in 2020, SEF has entered a new phase of development. Operational excellence and service quality guide daily operations without compromising our core values. SEF\u2019s human dimension, combined with our solid technological expertise, empower us to establish successful and sustainable relationships with our customers. SEF offers tailor-made solutions adapted to each of our customers\u2019 needs and constraints.<\/p>\n<p>Our commitment to supporting our clients better than ever, while helping them to deliver their innovative projects, serving science, industry and health, led us to develop our design office. Today SEF is equipped to handle every step of magnet design and conception, and we guarantee the total quality of parts we produce.[\/vc_column_text][\/vc_column_inner][\/vc_row_inner][\/vc_column][\/vc_row][vc_row full_width=&#8221;stretch_row&#8221; css=&#8221;.vc_custom_1593788377327{background-image: url(https:\/\/www.sef-technologies.com\/wp-content\/uploads\/2020\/07\/vision.jpg?id=204) !important;background-position: center !important;background-repeat: no-repeat !important;background-size: cover !important;}&#8221;][vc_column css=&#8221;.vc_custom_1594050466936{padding-top: 0px !important;}&#8221;][vc_row_inner][vc_column_inner width=&#8221;2\/3&#8243; css=&#8221;.vc_custom_1593788511910{padding-top: 50px !important;padding-right: 50px !important;padding-bottom: 50px !important;padding-left: 50px !important;background: #f5f5f5 url(https:\/\/www.sef-technologies.com\/wp-content\/uploads\/2020\/07\/bckd-gris.jpg?id=206) !important;background-position: 0 0 !important;background-repeat: no-repeat !important;}&#8221;][vc_empty_space][hc_custom_heading subtitle=&#8221;Value, vision&#8221; color=&#8221;grey&#8221; title=&#8221;Our values, vision&#8221; align=&#8221;left&#8221; heading=&#8221;h2&#8243;][\/hc_custom_heading][vc_column_text el_class=&#8221;puce&#8221;]SEF Technologies puts people first. Our team builds a close relationship with each customer and supplier based on active listening and a proactive attitude.<\/p>\n<ul>\n<li>Committed to providing the best performance and excellent products, SEF proposes global support. We advise and support our clients at every key step: requirements definition, calculations and simulations, design and production, tests, and final delivery of each finished magnet.\u00a0 We treat each order with the utmost rigour, using our expertise and technological skills; this is the heart of the SEF quality approach.<\/li>\n<\/ul>\n<p>&nbsp;<\/p>\n<ul>\n<li>SEF cultivates and maintains close, long-term relationships with <span style=\"text-decoration: line-through;\">our<\/span> its customers in the spirit of openness and transparency. Our monthly project progress reviews are especially appreciated. As a trusted partner, we adapt to our customers\u2019 constraints. We take an agile approach to finding the best solutions together.<\/li>\n<\/ul>\n<p>&nbsp;<\/p>\n<ul>\n<li>Our continuous improvement process empowers SEF to evolve and constantly improve. The growing skills of our teams allow us to engage in ever-more complex projects and to focus on new markets.<\/li>\n<\/ul>\n<p>[\/vc_column_text][\/vc_column_inner][vc_column_inner width=&#8221;1\/3&#8243;][\/vc_column_inner][\/vc_row_inner][\/vc_column][\/vc_row]<\/p>\n<\/div>","protected":false},"excerpt":{"rendered":"<p>[vc_row full_width=&#8221;stretch_row&#8221; css=&#8221;.vc_custom_1593788155557{background-image: url(https:\/\/www.sef-technologies.com\/wp-content\/uploads\/2020\/07\/carte_2.jpg?id=167) !important;background-position: center !important;background-repeat: no-repeat !important;background-size: cover !important;}&#8221;][vc_column width=&#8221;1\/2&#8243; css=&#8221;.vc_custom_1596545095179{padding-top: 35px !important;}&#8221;][hc_custom_heading color=&#8221;grey&#8221; title=&#8221;The company&#8221; align=&#8221;left&#8221; heading=&#8221;h2&#8243;][\/hc_custom_heading][vc_column_text]SEF, created in 1981, manufactures electromagnets used in particle accelerators, mainly synchrotrons and linear accelerators. SEF, a high-tech company based in Greater Toulouse, has developed its unique expertise and skills in magnets for over forty years. &hellip;<\/p>\n","protected":false},"author":1,"featured_media":38,"parent":0,"menu_order":0,"comment_status":"closed","ping_status":"closed","template":"","meta":{"footnotes":""},"class_list":["post-516","page","type-page","status-publish","has-post-thumbnail","hentry"],"yoast_head":"<!-- This site is optimized with the Yoast SEO plugin v26.8 - https:\/\/yoast.com\/product\/yoast-seo-wordpress\/ -->\n<title>About us - SEF Technologies<\/title>\n<meta name=\"description\" content=\"SEF is an expert in producing coils and electromagnets for particle accelerators, the SEF team is comprised of highly experienced professionals including operators, technicians and engineers with knowledge and competencies developed and transmitted over four decades.\" \/>\n<meta name=\"robots\" content=\"index, follow, max-snippet:-1, max-image-preview:large, max-video-preview:-1\" \/>\n<link rel=\"canonical\" href=\"https:\/\/www.sef-technologies.com\/en\/about-us\/\" \/>\n<meta property=\"og:locale\" content=\"en_US\" \/>\n<meta property=\"og:type\" content=\"article\" \/>\n<meta property=\"og:title\" content=\"About us - SEF Technologies\" \/>\n<meta property=\"og:description\" content=\"SEF is an expert in producing coils and electromagnets for particle accelerators, the SEF team is comprised of highly experienced professionals including operators, technicians and engineers with knowledge and competencies developed and transmitted over four decades.\" \/>\n<meta property=\"og:url\" content=\"https:\/\/www.sef-technologies.com\/en\/about-us\/\" \/>\n<meta property=\"og:site_name\" content=\"SEF Technologies\" \/>\n<meta property=\"article:modified_time\" content=\"2024-06-17T16:29:28+00:00\" \/>\n<meta property=\"og:image\" content=\"https:\/\/www.sef-technologies.com\/wp-content\/uploads\/2020\/06\/slide-1024x356.png\" \/>\n\t<meta property=\"og:image:width\" content=\"1024\" \/>\n\t<meta property=\"og:image:height\" content=\"356\" \/>\n\t<meta property=\"og:image:type\" content=\"image\/png\" \/>\n<meta name=\"twitter:card\" content=\"summary_large_image\" \/>\n<meta name=\"twitter:label1\" content=\"Est. reading time\" \/>\n\t<meta name=\"twitter:data1\" content=\"3 minutes\" \/>\n<script type=\"application\/ld+json\" class=\"yoast-schema-graph\">{\"@context\":\"https:\/\/schema.org\",\"@graph\":[{\"@type\":\"WebPage\",\"@id\":\"https:\/\/www.sef-technologies.com\/en\/about-us\/\",\"url\":\"https:\/\/www.sef-technologies.com\/en\/about-us\/\",\"name\":\"About us - SEF Technologies\",\"isPartOf\":{\"@id\":\"https:\/\/www.sef-technologies.com\/#website\"},\"primaryImageOfPage\":{\"@id\":\"https:\/\/www.sef-technologies.com\/en\/about-us\/#primaryimage\"},\"image\":{\"@id\":\"https:\/\/www.sef-technologies.com\/en\/about-us\/#primaryimage\"},\"thumbnailUrl\":\"https:\/\/www.sef-technologies.com\/wp-content\/uploads\/2020\/06\/slide.png\",\"datePublished\":\"2020-07-13T10:36:43+00:00\",\"dateModified\":\"2024-06-17T16:29:28+00:00\",\"description\":\"SEF is an expert in producing coils and electromagnets for particle accelerators, the SEF team is comprised of highly experienced professionals including operators, technicians and engineers with knowledge and competencies developed and transmitted over four decades.\",\"breadcrumb\":{\"@id\":\"https:\/\/www.sef-technologies.com\/en\/about-us\/#breadcrumb\"},\"inLanguage\":\"en-US\",\"potentialAction\":[{\"@type\":\"ReadAction\",\"target\":[\"https:\/\/www.sef-technologies.com\/en\/about-us\/\"]}]},{\"@type\":\"ImageObject\",\"inLanguage\":\"en-US\",\"@id\":\"https:\/\/www.sef-technologies.com\/en\/about-us\/#primaryimage\",\"url\":\"https:\/\/www.sef-technologies.com\/wp-content\/uploads\/2020\/06\/slide.png\",\"contentUrl\":\"https:\/\/www.sef-technologies.com\/wp-content\/uploads\/2020\/06\/slide.png\",\"width\":1920,\"height\":667},{\"@type\":\"BreadcrumbList\",\"@id\":\"https:\/\/www.sef-technologies.com\/en\/about-us\/#breadcrumb\",\"itemListElement\":[{\"@type\":\"ListItem\",\"position\":1,\"name\":\"Accueil\",\"item\":\"https:\/\/www.sef-technologies.com\/en\/\"},{\"@type\":\"ListItem\",\"position\":2,\"name\":\"About us\"}]},{\"@type\":\"WebSite\",\"@id\":\"https:\/\/www.sef-technologies.com\/#website\",\"url\":\"https:\/\/www.sef-technologies.com\/\",\"name\":\"SEF Technologies\",\"description\":\"Expert en r\u00e9alisation de bobines et d\u2019\u00e9lectroaimants pour acc\u00e9l\u00e9rateurs de particules\",\"publisher\":{\"@id\":\"https:\/\/www.sef-technologies.com\/#organization\"},\"potentialAction\":[{\"@type\":\"SearchAction\",\"target\":{\"@type\":\"EntryPoint\",\"urlTemplate\":\"https:\/\/www.sef-technologies.com\/?s={search_term_string}\"},\"query-input\":{\"@type\":\"PropertyValueSpecification\",\"valueRequired\":true,\"valueName\":\"search_term_string\"}}],\"inLanguage\":\"en-US\"},{\"@type\":\"Organization\",\"@id\":\"https:\/\/www.sef-technologies.com\/#organization\",\"name\":\"SEF Technologies\",\"url\":\"https:\/\/www.sef-technologies.com\/\",\"logo\":{\"@type\":\"ImageObject\",\"inLanguage\":\"en-US\",\"@id\":\"https:\/\/www.sef-technologies.com\/#\/schema\/logo\/image\/\",\"url\":\"https:\/\/www.sef-technologies.com\/wp-content\/uploads\/2020\/07\/logo_200x200.jpg\",\"contentUrl\":\"https:\/\/www.sef-technologies.com\/wp-content\/uploads\/2020\/07\/logo_200x200.jpg\",\"width\":200,\"height\":200,\"caption\":\"SEF Technologies\"},\"image\":{\"@id\":\"https:\/\/www.sef-technologies.com\/#\/schema\/logo\/image\/\"}}]}<\/script>\n<!-- \/ Yoast SEO plugin. -->","yoast_head_json":{"title":"About us - SEF Technologies","description":"SEF is an expert in producing coils and electromagnets for particle accelerators, the SEF team is comprised of highly experienced professionals including operators, technicians and engineers with knowledge and competencies developed and transmitted over four decades.","robots":{"index":"index","follow":"follow","max-snippet":"max-snippet:-1","max-image-preview":"max-image-preview:large","max-video-preview":"max-video-preview:-1"},"canonical":"https:\/\/www.sef-technologies.com\/en\/about-us\/","og_locale":"en_US","og_type":"article","og_title":"About us - SEF Technologies","og_description":"SEF is an expert in producing coils and electromagnets for particle accelerators, the SEF team is comprised of highly experienced professionals including operators, technicians and engineers with knowledge and competencies developed and transmitted over four decades.","og_url":"https:\/\/www.sef-technologies.com\/en\/about-us\/","og_site_name":"SEF Technologies","article_modified_time":"2024-06-17T16:29:28+00:00","og_image":[{"width":1024,"height":356,"url":"https:\/\/www.sef-technologies.com\/wp-content\/uploads\/2020\/06\/slide-1024x356.png","type":"image\/png"}],"twitter_card":"summary_large_image","twitter_misc":{"Est. reading time":"3 minutes"},"schema":{"@context":"https:\/\/schema.org","@graph":[{"@type":"WebPage","@id":"https:\/\/www.sef-technologies.com\/en\/about-us\/","url":"https:\/\/www.sef-technologies.com\/en\/about-us\/","name":"About us - SEF Technologies","isPartOf":{"@id":"https:\/\/www.sef-technologies.com\/#website"},"primaryImageOfPage":{"@id":"https:\/\/www.sef-technologies.com\/en\/about-us\/#primaryimage"},"image":{"@id":"https:\/\/www.sef-technologies.com\/en\/about-us\/#primaryimage"},"thumbnailUrl":"https:\/\/www.sef-technologies.com\/wp-content\/uploads\/2020\/06\/slide.png","datePublished":"2020-07-13T10:36:43+00:00","dateModified":"2024-06-17T16:29:28+00:00","description":"SEF is an expert in producing coils and electromagnets for particle accelerators, the SEF team is comprised of highly experienced professionals including operators, technicians and engineers with knowledge and competencies developed and transmitted over four decades.","breadcrumb":{"@id":"https:\/\/www.sef-technologies.com\/en\/about-us\/#breadcrumb"},"inLanguage":"en-US","potentialAction":[{"@type":"ReadAction","target":["https:\/\/www.sef-technologies.com\/en\/about-us\/"]}]},{"@type":"ImageObject","inLanguage":"en-US","@id":"https:\/\/www.sef-technologies.com\/en\/about-us\/#primaryimage","url":"https:\/\/www.sef-technologies.com\/wp-content\/uploads\/2020\/06\/slide.png","contentUrl":"https:\/\/www.sef-technologies.com\/wp-content\/uploads\/2020\/06\/slide.png","width":1920,"height":667},{"@type":"BreadcrumbList","@id":"https:\/\/www.sef-technologies.com\/en\/about-us\/#breadcrumb","itemListElement":[{"@type":"ListItem","position":1,"name":"Accueil","item":"https:\/\/www.sef-technologies.com\/en\/"},{"@type":"ListItem","position":2,"name":"About us"}]},{"@type":"WebSite","@id":"https:\/\/www.sef-technologies.com\/#website","url":"https:\/\/www.sef-technologies.com\/","name":"SEF Technologies","description":"Expert en r\u00e9alisation de bobines et d\u2019\u00e9lectroaimants pour acc\u00e9l\u00e9rateurs de particules","publisher":{"@id":"https:\/\/www.sef-technologies.com\/#organization"},"potentialAction":[{"@type":"SearchAction","target":{"@type":"EntryPoint","urlTemplate":"https:\/\/www.sef-technologies.com\/?s={search_term_string}"},"query-input":{"@type":"PropertyValueSpecification","valueRequired":true,"valueName":"search_term_string"}}],"inLanguage":"en-US"},{"@type":"Organization","@id":"https:\/\/www.sef-technologies.com\/#organization","name":"SEF Technologies","url":"https:\/\/www.sef-technologies.com\/","logo":{"@type":"ImageObject","inLanguage":"en-US","@id":"https:\/\/www.sef-technologies.com\/#\/schema\/logo\/image\/","url":"https:\/\/www.sef-technologies.com\/wp-content\/uploads\/2020\/07\/logo_200x200.jpg","contentUrl":"https:\/\/www.sef-technologies.com\/wp-content\/uploads\/2020\/07\/logo_200x200.jpg","width":200,"height":200,"caption":"SEF Technologies"},"image":{"@id":"https:\/\/www.sef-technologies.com\/#\/schema\/logo\/image\/"}}]}},"_links":{"self":[{"href":"https:\/\/www.sef-technologies.com\/en\/wp-json\/wp\/v2\/pages\/516","targetHints":{"allow":["GET"]}}],"collection":[{"href":"https:\/\/www.sef-technologies.com\/en\/wp-json\/wp\/v2\/pages"}],"about":[{"href":"https:\/\/www.sef-technologies.com\/en\/wp-json\/wp\/v2\/types\/page"}],"author":[{"embeddable":true,"href":"https:\/\/www.sef-technologies.com\/en\/wp-json\/wp\/v2\/users\/1"}],"replies":[{"embeddable":true,"href":"https:\/\/www.sef-technologies.com\/en\/wp-json\/wp\/v2\/comments?post=516"}],"version-history":[{"count":39,"href":"https:\/\/www.sef-technologies.com\/en\/wp-json\/wp\/v2\/pages\/516\/revisions"}],"predecessor-version":[{"id":1461,"href":"https:\/\/www.sef-technologies.com\/en\/wp-json\/wp\/v2\/pages\/516\/revisions\/1461"}],"wp:featuredmedia":[{"embeddable":true,"href":"https:\/\/www.sef-technologies.com\/en\/wp-json\/wp\/v2\/media\/38"}],"wp:attachment":[{"href":"https:\/\/www.sef-technologies.com\/en\/wp-json\/wp\/v2\/media?parent=516"}],"curies":[{"name":"wp","href":"https:\/\/api.w.org\/{rel}","templated":true}]}}