{"id":518,"date":"2020-07-13T12:37:32","date_gmt":"2020-07-13T10:37:32","guid":{"rendered":"https:\/\/sef-technologies.prep.demohc.com\/?page_id=518"},"modified":"2022-06-07T09:03:53","modified_gmt":"2022-06-07T07:03:53","slug":"contact_en","status":"publish","type":"page","link":"https:\/\/www.sef-technologies.com\/en\/contact_en\/","title":{"rendered":"Contact us"},"content":{"rendered":"<div class=\"wpb-content-wrapper\"><p>[vc_row full_width=&#8221;stretch_row&#8221; equal_height=&#8221;yes&#8221; css=&#8221;.vc_custom_1594114578590{background-image: url(https:\/\/www.sef-technologies.com\/wp-content\/uploads\/2020\/07\/background_contact.png?id=333) !important;background-position: 0 0 !important;background-repeat: no-repeat !important;}&#8221;][vc_column][vc_row_inner][vc_column_inner el_class=&#8221;orange-square&#8221; width=&#8221;1\/2&#8243; css=&#8221;.vc_custom_1596786169866{padding-top: 50px !important;padding-right: 45px !important;padding-left: 45px !important;background-image: url(https:\/\/www.sef-technologies.com\/wp-content\/uploads\/2020\/07\/background_form_contact.png?id=335) !important;background-position: 0 0 !important;background-repeat: no-repeat !important;}&#8221;][vc_empty_space height=&#8221;50px&#8221;][vc_column_text]<\/p>\n<h2 style=\"text-transform: uppercase; text-align: center;\"><strong>you have a<br \/>\nspecific <span style=\"color: #f38c49;\">project ?<\/span><\/strong><\/h2>\n<p>[\/vc_column_text][vc_column_text]<\/p>\n<p style=\"text-align: center;\">For any inquiries, please feel free to contact us using the form below<\/p>\n<p>[\/vc_column_text]\n<div class=\"wpcf7 no-js\" id=\"wpcf7-f627-o1\" lang=\"fr-FR\" dir=\"ltr\" data-wpcf7-id=\"627\">\n<div class=\"screen-reader-response\"><p role=\"status\" aria-live=\"polite\" aria-atomic=\"true\"><\/p> <ul><\/ul><\/div>\n<form action=\"\/en\/wp-json\/wp\/v2\/pages\/518#wpcf7-f627-o1\" method=\"post\" class=\"wpcf7-form init\" aria-label=\"Formulaire de contact\" novalidate=\"novalidate\" data-status=\"init\">\n<fieldset class=\"hidden-fields-container\"><input type=\"hidden\" name=\"_wpcf7\" value=\"627\" \/><input type=\"hidden\" name=\"_wpcf7_version\" value=\"6.1.4\" \/><input type=\"hidden\" name=\"_wpcf7_locale\" value=\"fr_FR\" \/><input type=\"hidden\" name=\"_wpcf7_unit_tag\" value=\"wpcf7-f627-o1\" \/><input type=\"hidden\" name=\"_wpcf7_container_post\" value=\"0\" \/><input type=\"hidden\" name=\"_wpcf7_posted_data_hash\" value=\"\" \/><input type=\"hidden\" name=\"_wpcf7_recaptcha_response\" value=\"\" \/>\n<\/fieldset>\n<p><span class=\"wpcf7-form-control-wrap\" data-name=\"your-name\"><input size=\"40\" maxlength=\"400\" class=\"wpcf7-form-control wpcf7-text wpcf7-validates-as-required\" aria-required=\"true\" aria-invalid=\"false\" placeholder=\"Surname*\" value=\"\" type=\"text\" name=\"your-name\" \/><\/span>\n<\/p>\n<p><span class=\"wpcf7-form-control-wrap\" data-name=\"prenom\"><input size=\"40\" maxlength=\"400\" class=\"wpcf7-form-control wpcf7-text\" aria-invalid=\"false\" placeholder=\"Name*\" value=\"\" type=\"text\" name=\"prenom\" \/><\/span>\n<\/p>\n<p><span class=\"wpcf7-form-control-wrap\" data-name=\"your-email\"><input size=\"40\" maxlength=\"400\" class=\"wpcf7-form-control wpcf7-email wpcf7-validates-as-required wpcf7-text wpcf7-validates-as-email\" aria-required=\"true\" aria-invalid=\"false\" placeholder=\"E-mail*\" value=\"\" type=\"email\" name=\"your-email\" \/><\/span>\n<\/p>\n<p><span class=\"wpcf7-form-control-wrap\" data-name=\"tel\"><input size=\"40\" maxlength=\"400\" class=\"wpcf7-form-control wpcf7-tel wpcf7-text wpcf7-validates-as-tel\" aria-invalid=\"false\" placeholder=\"Phone*\" value=\"\" type=\"tel\" name=\"tel\" \/><\/span>\n<\/p>\n<p><span class=\"wpcf7-form-control-wrap\" data-name=\"societe\"><input size=\"40\" maxlength=\"400\" class=\"wpcf7-form-control wpcf7-text\" aria-invalid=\"false\" placeholder=\"Company*\" value=\"\" type=\"text\" name=\"societe\" \/><\/span>\n<\/p>\n<p><span class=\"wpcf7-form-control-wrap\" data-name=\"your-subject\"><input size=\"40\" maxlength=\"400\" class=\"wpcf7-form-control wpcf7-text\" aria-invalid=\"false\" placeholder=\"Object*\" value=\"\" type=\"text\" name=\"your-subject\" \/><\/span>\n<\/p>\n<p class=\"message\"><span class=\"wpcf7-form-control-wrap\" data-name=\"your-message\"><textarea cols=\"40\" rows=\"10\" maxlength=\"2000\" class=\"wpcf7-form-control wpcf7-textarea formulaire-message\" aria-invalid=\"false\" placeholder=\"Message*\" name=\"your-message\"><\/textarea><\/span>\n<\/p>\n<p class=\"btn-submit\"><input class=\"wpcf7-form-control wpcf7-submit has-spinner btn-send\" type=\"submit\" value=\"Envoyer\" \/>\n<\/p><div class=\"wpcf7-response-output\" aria-hidden=\"true\"><\/div>\n<\/form>\n<\/div>\n[\/vc_column_inner][vc_column_inner width=&#8221;1\/2&#8243; css=&#8221;.vc_custom_1594039569825{padding-right: 20% !important;padding-left: 20% !important;}&#8221;][vc_empty_space height=&#8221;50px&#8221;][hc_custom_heading title=&#8221;Contact details&#8221; align=&#8221;left&#8221; heading=&#8221;h2&#8243;][vc_column_text]<span style=\"color: #f38c49;\">PHONE<\/span><\/p>\n<p><strong>+33(0)5 61 39 89 64<\/strong>[\/vc_column_text][vc_column_text]<span style=\"color: #f38c49;\">ADDRESS<\/span><\/p>\n<p>320 rue du Ch\u00eane vert<br \/>\n31670 LAB\u00c8GE (Toulouse, FRANCE)[\/vc_column_text][\/vc_column_inner][\/vc_row_inner][\/vc_column][\/vc_row][vc_row full_width=&#8221;stretch_row_content&#8221; equal_height=&#8221;yes&#8221; css=&#8221;.vc_custom_1594114892427{margin-top: -140px !important;}&#8221;][vc_column width=&#8221;1\/2&#8243;][vc_single_image image=&#8221;1288&#8243; img_size=&#8221;full&#8221; alignment=&#8221;center&#8221;][\/vc_column][vc_column width=&#8221;1\/2&#8243;]<div class=\"hc_map_multimarker \" style=\"padding-left: -15px; padding-right: -15px\"><div id=\"hc_map_212868958\" style=\"width: 100%; height: 608px\"><\/div><\/div><script>jQuery(window).load(function($){\n                            var mapOptions = {\n                            center: [43.542120, 1.520209],\n                            scrollWheelZoom: false,\n                            zoom: 12}\n                            var map = new L.map(\"hc_map_212868958\", mapOptions);\n                            var layer = new L.TileLayer(\"https:\/\/{s}.tile.openstreetmap.org\/{z}\/{x}\/{y}.png\");\n                            map.addLayer(layer);\n                            var iconOptions = {\n                                iconUrl: \"https:\/\/www.sef-technologies.com\/wp-content\/uploads\/2020\/07\/placeholder.png\",iconSize: [45, 64], iconAnchor: [22.5, 64], popupAnchor:  [0, -64]}\n                            var customIcon = L.icon(iconOptions);\n                            var markerOptions = {\n                               title: \"<strong>SEF<\/strong><br>\",\n                               clickable: true,\n                               draggable: false,\n                               icon: customIcon\n                            }\n                            var marker = L.marker([43.542120, 1.520209], markerOptions);\n                            marker.addTo(map);\n                            marker.bindPopup(\"<strong>SEF<\/strong><br>320 rue du Ch\u00eane vert<br>31670 LAB\u00c8GE<br>+33(0)5 61 39 89 64\");\n                        \n                            });<\/script>[\/vc_column][\/vc_row][vc_row full_width=&#8221;stretch_row&#8221;][vc_column][vc_row_inner][vc_column_inner][hc_custom_heading title=&#8221;Recruiting new talents&#8221; align=&#8221;center&#8221; heading=&#8221;h2&#8243; subtitle=&#8221;Join us&#8221; color=&#8221;grey&#8221;][vc_column_text]<\/p>\n<p class=\"russo text-blue\">Please visit often for update.<\/p>\n<p>[\/vc_column_text][\/vc_column_inner][\/vc_row_inner][\/vc_column][\/vc_row][vc_row full_width=&#8221;stretch_row&#8221; css=&#8221;.vc_custom_1594647209463{background-image: url(https:\/\/www.sef-technologies.com\/wp-content\/uploads\/2020\/07\/bckd_contact.jpg?id=350) !important;background-position: center !important;background-repeat: no-repeat !important;background-size: cover !important;}&#8221;][vc_column][vc_row_inner equal_height=&#8221;yes&#8221; css=&#8221;.vc_custom_1594646971408{background-position: center !important;background-repeat: no-repeat !important;background-size: cover !important;}&#8221;][vc_column_inner width=&#8221;1\/3&#8243;][\/vc_column_inner][vc_column_inner width=&#8221;1\/3&#8243; css=&#8221;.vc_custom_1594041297104{margin-right: 10px !important;margin-left: 10px !important;border-bottom-width: 2px !important;background-color: #191919 !important;border-bottom-color: #f38c49 !important;border-bottom-style: solid !important;border-radius: 2px !important;}&#8221;][vc_empty_space][vc_column_text el_class=&#8221;text-white&#8221; css=&#8221;.vc_custom_1594816502223{padding-right: 5% !important;padding-left: 5% !important;}&#8221;]<strong>Devenez Ing\u00e9nieur(e) Production chez SEF<\/strong><\/p>\n<p><a style=\"color: #f38c49;\" href=\"https:\/\/www.sef-technologies.com\/?p=714&amp;lang=en\">En savoir +<\/a>[\/vc_column_text][\/vc_column_inner][vc_column_inner width=&#8221;1\/3&#8243; css=&#8221;.vc_custom_1594041236372{margin-right: 10px !important;margin-left: 10px !important;background-color: #f38c49 !important;}&#8221;][vc_column_text el_class=&#8221;text-white&#8221; css=&#8221;.vc_custom_1594658984568{padding-right: 5% !important;padding-left: 5% !important;}&#8221;]If none of our job offers match your profile, you can send us a speculative application.[\/vc_column_text][vc_btn title=&#8221;CONTACT US&#8221; shape=&#8221;square&#8221; color=&#8221;white&#8221; align=&#8221;center&#8221; el_class=&#8221;btn-white&#8221; link=&#8221;url:mailto%3Asef%40sef-technologies.com|||&#8221;][\/vc_column_inner][\/vc_row_inner][vc_empty_space height=&#8221;60px&#8221;][\/vc_column][\/vc_row][vc_row][vc_column][vc_empty_space height=&#8221;20px&#8221;][\/vc_column][\/vc_row][vc_row][vc_column][vc_column_text]<\/p>\n<p>[\/vc_column_text][\/vc_column][\/vc_row]<\/p>\n<\/div>","protected":false},"excerpt":{"rendered":"<p>[vc_row full_width=&#8221;stretch_row&#8221; equal_height=&#8221;yes&#8221; css=&#8221;.vc_custom_1594114578590{background-image: url(https:\/\/www.sef-technologies.com\/wp-content\/uploads\/2020\/07\/background_contact.png?id=333) !important;background-position: 0 0 !important;background-repeat: no-repeat !important;}&#8221;][vc_column][vc_row_inner][vc_column_inner el_class=&#8221;orange-square&#8221; width=&#8221;1\/2&#8243; css=&#8221;.vc_custom_1596786169866{padding-top: 50px !important;padding-right: 45px !important;padding-left: 45px !important;background-image: url(https:\/\/www.sef-technologies.com\/wp-content\/uploads\/2020\/07\/background_form_contact.png?id=335) !important;background-position: 0 0 !important;background-repeat: no-repeat !important;}&#8221;][vc_empty_space height=&#8221;50px&#8221;][vc_column_text] you have a specific project ? [\/vc_column_text][vc_column_text] For any inquiries, please feel free to contact us using the form below [\/vc_column_text][\/vc_column_inner][vc_column_inner width=&#8221;1\/2&#8243; css=&#8221;.vc_custom_1594039569825{padding-right: 20% !important;padding-left: 20% !important;}&#8221;][vc_empty_space &hellip;<\/p>\n","protected":false},"author":1,"featured_media":718,"parent":0,"menu_order":0,"comment_status":"closed","ping_status":"closed","template":"","meta":{"footnotes":""},"class_list":["post-518","page","type-page","status-publish","has-post-thumbnail","hentry"],"yoast_head":"<!-- This site is optimized with the Yoast SEO plugin v26.8 - https:\/\/yoast.com\/product\/yoast-seo-wordpress\/ -->\n<title>Contact us - SEF Technologies<\/title>\n<meta name=\"description\" content=\"Producing of coils and electromagnets for particle accelerators : you have aspecific project ? For any inquiries, please feel free to contact us.\" \/>\n<meta name=\"robots\" content=\"index, follow, max-snippet:-1, max-image-preview:large, max-video-preview:-1\" \/>\n<link rel=\"canonical\" href=\"https:\/\/www.sef-technologies.com\/en\/contact_en\/\" \/>\n<meta property=\"og:locale\" content=\"en_US\" \/>\n<meta property=\"og:type\" content=\"article\" \/>\n<meta property=\"og:title\" content=\"Contact us - SEF Technologies\" \/>\n<meta property=\"og:description\" content=\"Producing of coils and electromagnets for particle accelerators : you have aspecific project ? For any inquiries, please feel free to contact us.\" \/>\n<meta property=\"og:url\" content=\"https:\/\/www.sef-technologies.com\/en\/contact_en\/\" \/>\n<meta property=\"og:site_name\" content=\"SEF Technologies\" \/>\n<meta property=\"article:modified_time\" content=\"2022-06-07T07:03:53+00:00\" \/>\n<meta property=\"og:image\" content=\"https:\/\/www.sef-technologies.com\/wp-content\/uploads\/2020\/07\/logo_200x200.jpg\" \/>\n\t<meta property=\"og:image:width\" content=\"200\" \/>\n\t<meta property=\"og:image:height\" content=\"200\" \/>\n\t<meta property=\"og:image:type\" content=\"image\/jpeg\" \/>\n<meta name=\"twitter:card\" content=\"summary_large_image\" \/>\n<meta name=\"twitter:label1\" content=\"Est. reading time\" \/>\n\t<meta name=\"twitter:data1\" content=\"3 minutes\" \/>\n<script type=\"application\/ld+json\" class=\"yoast-schema-graph\">{\"@context\":\"https:\/\/schema.org\",\"@graph\":[{\"@type\":\"WebPage\",\"@id\":\"https:\/\/www.sef-technologies.com\/en\/contact_en\/\",\"url\":\"https:\/\/www.sef-technologies.com\/en\/contact_en\/\",\"name\":\"Contact us - SEF Technologies\",\"isPartOf\":{\"@id\":\"https:\/\/www.sef-technologies.com\/#website\"},\"primaryImageOfPage\":{\"@id\":\"https:\/\/www.sef-technologies.com\/en\/contact_en\/#primaryimage\"},\"image\":{\"@id\":\"https:\/\/www.sef-technologies.com\/en\/contact_en\/#primaryimage\"},\"thumbnailUrl\":\"https:\/\/www.sef-technologies.com\/wp-content\/uploads\/2020\/07\/logo_200x200.jpg\",\"datePublished\":\"2020-07-13T10:37:32+00:00\",\"dateModified\":\"2022-06-07T07:03:53+00:00\",\"description\":\"Producing of coils and electromagnets for particle accelerators : you have aspecific project ? For any inquiries, please feel free to contact us.\",\"breadcrumb\":{\"@id\":\"https:\/\/www.sef-technologies.com\/en\/contact_en\/#breadcrumb\"},\"inLanguage\":\"en-US\",\"potentialAction\":[{\"@type\":\"ReadAction\",\"target\":[\"https:\/\/www.sef-technologies.com\/en\/contact_en\/\"]}]},{\"@type\":\"ImageObject\",\"inLanguage\":\"en-US\",\"@id\":\"https:\/\/www.sef-technologies.com\/en\/contact_en\/#primaryimage\",\"url\":\"https:\/\/www.sef-technologies.com\/wp-content\/uploads\/2020\/07\/logo_200x200.jpg\",\"contentUrl\":\"https:\/\/www.sef-technologies.com\/wp-content\/uploads\/2020\/07\/logo_200x200.jpg\",\"width\":200,\"height\":200},{\"@type\":\"BreadcrumbList\",\"@id\":\"https:\/\/www.sef-technologies.com\/en\/contact_en\/#breadcrumb\",\"itemListElement\":[{\"@type\":\"ListItem\",\"position\":1,\"name\":\"Accueil\",\"item\":\"https:\/\/www.sef-technologies.com\/en\/\"},{\"@type\":\"ListItem\",\"position\":2,\"name\":\"Contact us\"}]},{\"@type\":\"WebSite\",\"@id\":\"https:\/\/www.sef-technologies.com\/#website\",\"url\":\"https:\/\/www.sef-technologies.com\/\",\"name\":\"SEF Technologies\",\"description\":\"Expert en r\u00e9alisation de bobines et d\u2019\u00e9lectroaimants pour acc\u00e9l\u00e9rateurs de particules\",\"publisher\":{\"@id\":\"https:\/\/www.sef-technologies.com\/#organization\"},\"potentialAction\":[{\"@type\":\"SearchAction\",\"target\":{\"@type\":\"EntryPoint\",\"urlTemplate\":\"https:\/\/www.sef-technologies.com\/?s={search_term_string}\"},\"query-input\":{\"@type\":\"PropertyValueSpecification\",\"valueRequired\":true,\"valueName\":\"search_term_string\"}}],\"inLanguage\":\"en-US\"},{\"@type\":\"Organization\",\"@id\":\"https:\/\/www.sef-technologies.com\/#organization\",\"name\":\"SEF Technologies\",\"url\":\"https:\/\/www.sef-technologies.com\/\",\"logo\":{\"@type\":\"ImageObject\",\"inLanguage\":\"en-US\",\"@id\":\"https:\/\/www.sef-technologies.com\/#\/schema\/logo\/image\/\",\"url\":\"https:\/\/www.sef-technologies.com\/wp-content\/uploads\/2020\/07\/logo_200x200.jpg\",\"contentUrl\":\"https:\/\/www.sef-technologies.com\/wp-content\/uploads\/2020\/07\/logo_200x200.jpg\",\"width\":200,\"height\":200,\"caption\":\"SEF Technologies\"},\"image\":{\"@id\":\"https:\/\/www.sef-technologies.com\/#\/schema\/logo\/image\/\"}}]}<\/script>\n<!-- \/ Yoast SEO plugin. -->","yoast_head_json":{"title":"Contact us - SEF Technologies","description":"Producing of coils and electromagnets for particle accelerators : you have aspecific project ? For any inquiries, please feel free to contact us.","robots":{"index":"index","follow":"follow","max-snippet":"max-snippet:-1","max-image-preview":"max-image-preview:large","max-video-preview":"max-video-preview:-1"},"canonical":"https:\/\/www.sef-technologies.com\/en\/contact_en\/","og_locale":"en_US","og_type":"article","og_title":"Contact us - SEF Technologies","og_description":"Producing of coils and electromagnets for particle accelerators : you have aspecific project ? For any inquiries, please feel free to contact us.","og_url":"https:\/\/www.sef-technologies.com\/en\/contact_en\/","og_site_name":"SEF Technologies","article_modified_time":"2022-06-07T07:03:53+00:00","og_image":[{"width":200,"height":200,"url":"https:\/\/www.sef-technologies.com\/wp-content\/uploads\/2020\/07\/logo_200x200.jpg","type":"image\/jpeg"}],"twitter_card":"summary_large_image","twitter_misc":{"Est. reading time":"3 minutes"},"schema":{"@context":"https:\/\/schema.org","@graph":[{"@type":"WebPage","@id":"https:\/\/www.sef-technologies.com\/en\/contact_en\/","url":"https:\/\/www.sef-technologies.com\/en\/contact_en\/","name":"Contact us - SEF Technologies","isPartOf":{"@id":"https:\/\/www.sef-technologies.com\/#website"},"primaryImageOfPage":{"@id":"https:\/\/www.sef-technologies.com\/en\/contact_en\/#primaryimage"},"image":{"@id":"https:\/\/www.sef-technologies.com\/en\/contact_en\/#primaryimage"},"thumbnailUrl":"https:\/\/www.sef-technologies.com\/wp-content\/uploads\/2020\/07\/logo_200x200.jpg","datePublished":"2020-07-13T10:37:32+00:00","dateModified":"2022-06-07T07:03:53+00:00","description":"Producing of coils and electromagnets for particle accelerators : you have aspecific project ? For any inquiries, please feel free to contact us.","breadcrumb":{"@id":"https:\/\/www.sef-technologies.com\/en\/contact_en\/#breadcrumb"},"inLanguage":"en-US","potentialAction":[{"@type":"ReadAction","target":["https:\/\/www.sef-technologies.com\/en\/contact_en\/"]}]},{"@type":"ImageObject","inLanguage":"en-US","@id":"https:\/\/www.sef-technologies.com\/en\/contact_en\/#primaryimage","url":"https:\/\/www.sef-technologies.com\/wp-content\/uploads\/2020\/07\/logo_200x200.jpg","contentUrl":"https:\/\/www.sef-technologies.com\/wp-content\/uploads\/2020\/07\/logo_200x200.jpg","width":200,"height":200},{"@type":"BreadcrumbList","@id":"https:\/\/www.sef-technologies.com\/en\/contact_en\/#breadcrumb","itemListElement":[{"@type":"ListItem","position":1,"name":"Accueil","item":"https:\/\/www.sef-technologies.com\/en\/"},{"@type":"ListItem","position":2,"name":"Contact us"}]},{"@type":"WebSite","@id":"https:\/\/www.sef-technologies.com\/#website","url":"https:\/\/www.sef-technologies.com\/","name":"SEF Technologies","description":"Expert en r\u00e9alisation de bobines et d\u2019\u00e9lectroaimants pour acc\u00e9l\u00e9rateurs de particules","publisher":{"@id":"https:\/\/www.sef-technologies.com\/#organization"},"potentialAction":[{"@type":"SearchAction","target":{"@type":"EntryPoint","urlTemplate":"https:\/\/www.sef-technologies.com\/?s={search_term_string}"},"query-input":{"@type":"PropertyValueSpecification","valueRequired":true,"valueName":"search_term_string"}}],"inLanguage":"en-US"},{"@type":"Organization","@id":"https:\/\/www.sef-technologies.com\/#organization","name":"SEF Technologies","url":"https:\/\/www.sef-technologies.com\/","logo":{"@type":"ImageObject","inLanguage":"en-US","@id":"https:\/\/www.sef-technologies.com\/#\/schema\/logo\/image\/","url":"https:\/\/www.sef-technologies.com\/wp-content\/uploads\/2020\/07\/logo_200x200.jpg","contentUrl":"https:\/\/www.sef-technologies.com\/wp-content\/uploads\/2020\/07\/logo_200x200.jpg","width":200,"height":200,"caption":"SEF Technologies"},"image":{"@id":"https:\/\/www.sef-technologies.com\/#\/schema\/logo\/image\/"}}]}},"_links":{"self":[{"href":"https:\/\/www.sef-technologies.com\/en\/wp-json\/wp\/v2\/pages\/518","targetHints":{"allow":["GET"]}}],"collection":[{"href":"https:\/\/www.sef-technologies.com\/en\/wp-json\/wp\/v2\/pages"}],"about":[{"href":"https:\/\/www.sef-technologies.com\/en\/wp-json\/wp\/v2\/types\/page"}],"author":[{"embeddable":true,"href":"https:\/\/www.sef-technologies.com\/en\/wp-json\/wp\/v2\/users\/1"}],"replies":[{"embeddable":true,"href":"https:\/\/www.sef-technologies.com\/en\/wp-json\/wp\/v2\/comments?post=518"}],"version-history":[{"count":15,"href":"https:\/\/www.sef-technologies.com\/en\/wp-json\/wp\/v2\/pages\/518\/revisions"}],"predecessor-version":[{"id":1291,"href":"https:\/\/www.sef-technologies.com\/en\/wp-json\/wp\/v2\/pages\/518\/revisions\/1291"}],"wp:featuredmedia":[{"embeddable":true,"href":"https:\/\/www.sef-technologies.com\/en\/wp-json\/wp\/v2\/media\/718"}],"wp:attachment":[{"href":"https:\/\/www.sef-technologies.com\/en\/wp-json\/wp\/v2\/media?parent=518"}],"curies":[{"name":"wp","href":"https:\/\/api.w.org\/{rel}","templated":true}]}}