{"id":520,"date":"2020-07-13T12:39:00","date_gmt":"2020-07-13T10:39:00","guid":{"rendered":"https:\/\/sef-technologies.prep.demohc.com\/?page_id=520"},"modified":"2022-05-31T13:31:19","modified_gmt":"2022-05-31T11:31:19","slug":"machinery","status":"publish","type":"page","link":"https:\/\/www.sef-technologies.com\/en\/machinery\/","title":{"rendered":"Machinery"},"content":{"rendered":"<div class=\"wpb-content-wrapper\"><p>[vc_row][vc_column][hc_custom_heading title=&#8221;Our means&#8221; align=&#8221;center&#8221; heading=&#8221;h2&#8243; subtitle=&#8221;Our means&#8221; color=&#8221;grey&#8221;][\/vc_column][\/vc_row][vc_row][vc_column][vc_column_text]<\/p>\n<h2 style=\"text-align: left;\"><strong>MANUFACTURING AND TEST OF <span style=\"color: #f38c49;\">COIL<\/span><\/strong><\/h2>\n<p>[\/vc_column_text][vc_row_inner][vc_column_inner width=&#8221;1\/2&#8243;][vc_column_text el_class=&#8221;puce&#8221; css=&#8221;.vc_custom_1594394034581{border-bottom-width: 2px !important;padding-top: 10% !important;padding-right: 10% !important;padding-bottom: 10% !important;padding-left: 10% !important;background-color: #f5f5f5 !important;border-bottom-color: #f38c49 !important;border-bottom-style: solid !important;border-radius: 2px !important;}&#8221;]<\/p>\n<h4><strong>Manufacturing<\/strong><\/h4>\n<p>&nbsp;<\/p>\n<ul>\n<li>5 winding machines for coils of different shapes and sizes<\/li>\n<li>2 winding machines for large coils (galettes)<\/li>\n<li>1 wrapper for bare copper insulation<\/li>\n<li>3 vacuum pumps<\/li>\n<li>4 vacuum bell<\/li>\n<li>3 regulated programmable ovens including one that can be modulated for large coils<\/li>\n<\/ul>\n<p>[\/vc_column_text][vc_column_text el_class=&#8221;puce&#8221; css=&#8221;.vc_custom_1594394067510{border-bottom-width: 2px !important;padding-top: 10% !important;padding-right: 10% !important;padding-bottom: 10% !important;padding-left: 10% !important;background-color: #f5f5f5 !important;border-bottom-color: #f38c49 !important;border-bottom-style: solid !important;border-radius: 2px !important;}&#8221;]<\/p>\n<h4><strong>Lifting equipment<\/strong><\/h4>\n<p>&nbsp;<\/p>\n<ul>\n<li>Overhead and gantry cranes<\/li>\n<li>Forklift<\/li>\n<\/ul>\n<p>[\/vc_column_text][\/vc_column_inner][vc_column_inner width=&#8221;1\/2&#8243;][vc_column_text el_class=&#8221;puce&#8221; css=&#8221;.vc_custom_1594394126030{border-bottom-width: 2px !important;padding-top: 10% !important;padding-right: 10% !important;padding-bottom: 10% !important;padding-left: 10% !important;background-color: #f5f5f5 !important;border-bottom-color: #f38c49 !important;border-bottom-style: solid !important;border-radius: 2px !important;}&#8221;]<\/p>\n<h4><strong>Measure Control<\/strong><\/h4>\n<p>&nbsp;<\/p>\n<ul>\n<li>1 stabilized power supply 160V 60A<\/li>\n<li>1 stabilized power supply 40V 200A<\/li>\n<li>1 stabilized power supply 15V 20A<\/li>\n<li>1 Hazemeyer stabilized power supply 630A 100V-Regulation 10-4<\/li>\n<li>1 stabilized power supply 400V 60A<\/li>\n<li>2 stabilized power supply 400V 30A<\/li>\n<li>1 test bench for insulation between coils<\/li>\n<li>1 dielectrometer 0-5 kV<\/li>\n<li>1SEFELEC RMG12-12 KV AC\/DC dielectric insulation tester<\/li>\n<li>Primary vacuum leak detection<\/li>\n<li>2 Bell 6010 Gaussmeters<\/li>\n<li>A hydraulic measuring station- 25 bar -3m3\/hour<\/li>\n<li>A pump for static pressure measurement to 100 bar<\/li>\n<\/ul>\n<p>[\/vc_column_text][\/vc_column_inner][\/vc_row_inner][vc_empty_space][\/vc_column][\/vc_row][vc_row][vc_column][vc_column_text]<\/p>\n<h2 style=\"text-align: left; text-transform: uppercase;\"><strong>MANUFACTURE AND TEST <\/strong><strong><span style=\"color: #f38c49;\">EQUIPMENT<\/span><\/strong><\/h2>\n<p>[\/vc_column_text][vc_row_inner][vc_column_inner width=&#8221;1\/3&#8243;][vc_column_text el_class=&#8221;puce&#8221; css=&#8221;.vc_custom_1594394247276{border-bottom-width: 2px !important;padding-top: 10% !important;padding-right: 10% !important;padding-bottom: 10% !important;padding-left: 10% !important;background-color: #f5f5f5 !important;border-bottom-color: #f38c49 !important;border-bottom-style: solid !important;border-radius: 2px !important;}&#8221;]<\/p>\n<h4 style=\"text-align: center;\"><strong>CNC milling machines<\/strong><\/h4>\n<p>&nbsp;<\/p>\n<ul>\n<li>1 Huron with fixed bench<\/li>\n<li>1000 x 700 Table<\/li>\n<\/ul>\n<p>[\/vc_column_text][vc_column_text el_class=&#8221;puce&#8221; css=&#8221;.vc_custom_1594394401312{border-bottom-width: 2px !important;padding-top: 10% !important;padding-right: 10% !important;padding-bottom: 10% !important;padding-left: 10% !important;background-color: #f5f5f5 !important;border-bottom-color: #f38c49 !important;border-bottom-style: solid !important;border-radius: 2px !important;}&#8221;]<\/p>\n<h4 style=\"text-align: center;\"><strong>Conventional milling machines<\/strong><\/h4>\n<p>&nbsp;<\/p>\n<ul>\n<li>1 Vernier FV 380 C 1100 x 300 x 680 milling machine<\/li>\n<li>1 Vernier FV3C (3-axis) C 1000 x 300 x 600 milling machine<\/li>\n<li>1 Alcera 6S C 625 x 230 x 420 milling machine<\/li>\n<li>1 milling machine Ajax AJT4 C 790 x 350 x 380 (3-axis)<\/li>\n<\/ul>\n<p>[\/vc_column_text][vc_column_text el_class=&#8221;puce&#8221; css=&#8221;.vc_custom_1594394494059{border-bottom-width: 2px !important;padding-top: 10% !important;padding-right: 10% !important;padding-bottom: 10% !important;padding-left: 10% !important;background-color: #f5f5f5 !important;border-bottom-color: #f38c49 !important;border-bottom-style: solid !important;border-radius: 2px !important;}&#8221;]<\/p>\n<h4 style=\"text-align: center;\"><strong>Sharpening<\/strong><\/h4>\n<p>&nbsp;<\/p>\n<ul>\n<li>1 Avyac A11 universal sharpening machine<\/li>\n<li>1 diamond grinder for lathe tools and drills<\/li>\n<\/ul>\n<p>[\/vc_column_text][vc_column_text el_class=&#8221;puce&#8221; css=&#8221;.vc_custom_1594394569875{border-bottom-width: 2px !important;padding-top: 10% !important;padding-right: 10% !important;padding-bottom: 10% !important;padding-left: 10% !important;background-color: #f5f5f5 !important;border-bottom-color: #f38c49 !important;border-bottom-style: solid !important;border-radius: 2px !important;}&#8221;]<\/p>\n<h4 style=\"text-align: center;\"><strong>Software<\/strong><\/h4>\n<p>&nbsp;<\/p>\n<ul>\n<li>1 Keycreator CAD software<\/li>\n<li>1 Esprit 3D CAM station<\/li>\n<\/ul>\n<p>[\/vc_column_text][\/vc_column_inner][vc_column_inner width=&#8221;1\/3&#8243;][vc_column_text el_class=&#8221;puce&#8221; css=&#8221;.vc_custom_1594394289307{border-bottom-width: 2px !important;padding-top: 10% !important;padding-right: 10% !important;padding-bottom: 10% !important;padding-left: 10% !important;background-color: #f5f5f5 !important;border-bottom-color: #f38c49 !important;border-bottom-style: solid !important;border-radius: 2px !important;}&#8221;]<\/p>\n<h4 style=\"text-align: center;\"><strong>Machining centers<\/strong><\/h4>\n<p>&nbsp;<\/p>\n<ul>\n<li>1 Sigma Mission center 2 UGV<\/li>\n<li>1 Sigma Mission 3 center<\/li>\n<li>1 Sigma Mission 5 center<\/li>\n<li>1 Hardinge UMG Isoo II center<\/li>\n<li>1 Victor-center 80<\/li>\n<\/ul>\n<p>[\/vc_column_text][vc_column_text el_class=&#8221;puce&#8221; css=&#8221;.vc_custom_1594394431706{border-bottom-width: 2px !important;padding-top: 10% !important;padding-right: 10% !important;padding-bottom: 10% !important;padding-left: 10% !important;background-color: #f5f5f5 !important;border-bottom-color: #f38c49 !important;border-bottom-style: solid !important;border-radius: 2px !important;}&#8221;]<\/p>\n<h4 style=\"text-align: center;\"><strong>Grinding machine<\/strong><\/h4>\n<p>&nbsp;<\/p>\n<ul>\n<li>1 surface grinding machine tangent grinding wheel<\/li>\n<li>Abawerl FFV 75\/80 C 800 x 500 tangential grinding machine (2-axis visu)<\/li>\n<li>1 external and internal cylindrical grinding machine TOS \u00d8 290 x 500<\/li>\n<\/ul>\n<p>[\/vc_column_text][vc_column_text el_class=&#8221;puce&#8221; css=&#8221;.vc_custom_1594394516065{border-bottom-width: 2px !important;padding-top: 10% !important;padding-right: 10% !important;padding-bottom: 10% !important;padding-left: 10% !important;background-color: #f5f5f5 !important;border-bottom-color: #f38c49 !important;border-bottom-style: solid !important;border-radius: 2px !important;}&#8221;]<\/p>\n<h4 style=\"text-align: center;\"><strong>Saw<\/strong><\/h4>\n<p>&nbsp;<\/p>\n<ul>\n<li>1 reciprocating saw, capacity in the round \u00d8 250<\/li>\n<li>1 Doall band saw, gooseneck 400, table 600 x 600<\/li>\n<\/ul>\n<p>[\/vc_column_text][vc_column_text el_class=&#8221;puce&#8221; css=&#8221;.vc_custom_1653996653654{border-bottom-width: 2px !important;padding-top: 10% !important;padding-right: 10% !important;padding-bottom: 10% !important;padding-left: 10% !important;background-color: #f5f5f5 !important;border-bottom-color: #f38c49 !important;border-bottom-style: solid !important;border-radius: 2px !important;}&#8221;]<\/p>\n<h4 style=\"text-align: center;\"><strong>Measurement test<\/strong><\/h4>\n<p>&nbsp;<\/p>\n<ul>\n<li>1 Heckel granite marble 1000 x 600 x 150<\/li>\n<li>1 Heckel granite marble 2000 x 1000 x 200<\/li>\n<li>Internal micrometers 0 to 100<\/li>\n<li>SPC Data processing system<\/li>\n<li>2 measurement columns Mitutoyo LH600<\/li>\n<li>ESRF SWM (Stretched Wire Measurement) measurement benches : multipolar coefficient measurement, magnetic centre and axis measurements, field and gradient measurement, alignment measurement<span style=\"text-decoration: line-through;\">s<\/span><\/li>\n<\/ul>\n<p>[\/vc_column_text][\/vc_column_inner][vc_column_inner width=&#8221;1\/3&#8243;][vc_column_text el_class=&#8221;puce&#8221; css=&#8221;.vc_custom_1594394324538{border-bottom-width: 2px !important;padding-top: 10% !important;padding-right: 10% !important;padding-bottom: 10% !important;padding-left: 10% !important;background-color: #f5f5f5 !important;border-bottom-color: #f38c49 !important;border-bottom-style: solid !important;border-radius: 2px !important;}&#8221;]<\/p>\n<h4 style=\"text-align: center;\"><strong>Lathes<\/strong><\/h4>\n<p>&nbsp;<\/p>\n<ul>\n<li>1 AMC P 240 lathe<\/li>\n<li>\u00d8 on transversal 300<\/li>\n<li>\u00d8 on plate 550, between points 1200<\/li>\n<li>1 AMC lathe P 240, between peaks 1500<\/li>\n<\/ul>\n<p>[\/vc_column_text][vc_column_text el_class=&#8221;puce&#8221; css=&#8221;.vc_custom_1594394455981{border-bottom-width: 2px !important;padding-top: 10% !important;padding-right: 10% !important;padding-bottom: 10% !important;padding-left: 10% !important;background-color: #f5f5f5 !important;border-bottom-color: #f38c49 !important;border-bottom-style: solid !important;border-radius: 2px !important;}&#8221;]<\/p>\n<h4 style=\"text-align: center;\"><strong>CNC Lathes<\/strong><\/h4>\n<p>&nbsp;<\/p>\n<ul>\n<li>1 Hernault \u00d8 240 x 500<\/li>\n<li>1 Cazeneuve Maxica 590 \u00d8 583 x 1000<\/li>\n<\/ul>\n<p>[\/vc_column_text][vc_column_text el_class=&#8221;puce&#8221; css=&#8221;.vc_custom_1594394547244{border-bottom-width: 2px !important;padding-top: 10% !important;padding-right: 10% !important;padding-bottom: 10% !important;padding-left: 10% !important;background-color: #f5f5f5 !important;border-bottom-color: #f38c49 !important;border-bottom-style: solid !important;border-radius: 2px !important;}&#8221;]<\/p>\n<h4 style=\"text-align: center;\"><strong>Electrical discharge machine<\/strong><\/h4>\n<p>&nbsp;<\/p>\n<ul>\n<li>2 Mitsubishi FA20\/BA24 wire EDM<\/li>\n<\/ul>\n<p>[\/vc_column_text][vc_column_text el_class=&#8221;puce&#8221; css=&#8221;.vc_custom_1594394618398{border-bottom-width: 2px !important;padding-top: 10% !important;padding-right: 10% !important;padding-bottom: 10% !important;padding-left: 10% !important;background-color: #f5f5f5 !important;border-bottom-color: #f38c49 !important;border-bottom-style: solid !important;border-radius: 2px !important;}&#8221;]<\/p>\n<h4 style=\"text-align: center;\"><strong>Drills<\/strong><\/h4>\n<p>&nbsp;<\/p>\n<ul>\n<li>1 Cincinatti PF drilling and milling machine<\/li>\n<li>1 Mecof 35 C radial drilling machine<\/li>\n<li>3 column drilling machines<\/li>\n<\/ul>\n<p>[\/vc_column_text][vc_column_text el_class=&#8221;puce&#8221; css=&#8221;.vc_custom_1594394641711{border-bottom-width: 2px !important;padding-top: 10% !important;padding-right: 10% !important;padding-bottom: 10% !important;padding-left: 10% !important;background-color: #f5f5f5 !important;border-bottom-color: #f38c49 !important;border-bottom-style: solid !important;border-radius: 2px !important;}&#8221;]<\/p>\n<h4 style=\"text-align: center;\"><strong>Various<\/strong><\/h4>\n<p>&nbsp;<\/p>\n<ul>\n<li>Grinding drums, belt sanders, portable power tools, pneumatic tools (sanders, grinders, screw gun)<\/li>\n<\/ul>\n<p>[\/vc_column_text][\/vc_column_inner][\/vc_row_inner][\/vc_column][\/vc_row][vc_row full_width=&#8221;stretch_row_content&#8221;][vc_column][vc_row_inner][vc_column_inner width=&#8221;1\/4&#8243; css=&#8221;.vc_custom_1595246077068{padding-right: 5px !important;padding-bottom: 10px !important;padding-left: 10px !important;}&#8221;][img_hover img=&#8221;448&#8243; contenu=&#8221;3-AXIS MILLING MACHINE WITH NUMERICAL CONTROL&#8221;][\/vc_column_inner][vc_column_inner width=&#8221;1\/4&#8243; css=&#8221;.vc_custom_1595246083703{padding-right: 5px !important;padding-bottom: 10px !important;padding-left: 5px !important;}&#8221;][img_hover img=&#8221;450&#8243; contenu=&#8221;DIGITAL CONTROL LATHE SETTING UP&#8221;][\/vc_column_inner][vc_column_inner width=&#8221;1\/2&#8243; css=&#8221;.vc_custom_1595246098207{padding-right: 10px !important;padding-bottom: 10px !important;padding-left: 5px !important;}&#8221;][img_hover img=&#8221;452&#8243; contenu=&#8221;WIRE CUTTING MACHINE&#8221;][\/vc_column_inner][\/vc_row_inner][\/vc_column][\/vc_row]<\/p>\n<\/div>","protected":false},"excerpt":{"rendered":"<p>[vc_row][vc_column][hc_custom_heading title=&#8221;Our means&#8221; align=&#8221;center&#8221; heading=&#8221;h2&#8243; subtitle=&#8221;Our means&#8221; color=&#8221;grey&#8221;][\/vc_column][\/vc_row][vc_row][vc_column][vc_column_text] MANUFACTURING AND TEST OF COIL [\/vc_column_text][vc_row_inner][vc_column_inner width=&#8221;1\/2&#8243;][vc_column_text el_class=&#8221;puce&#8221; css=&#8221;.vc_custom_1594394034581{border-bottom-width: 2px !important;padding-top: 10% !important;padding-right: 10% !important;padding-bottom: 10% !important;padding-left: 10% !important;background-color: #f5f5f5 !important;border-bottom-color: #f38c49 !important;border-bottom-style: solid !important;border-radius: 2px !important;}&#8221;] Manufacturing &nbsp; 5 winding machines for coils of different shapes and sizes 2 winding machines for large coils (galettes) 1 &hellip;<\/p>\n","protected":false},"author":1,"featured_media":0,"parent":0,"menu_order":0,"comment_status":"closed","ping_status":"closed","template":"","meta":{"footnotes":""},"class_list":["post-520","page","type-page","status-publish","hentry"],"yoast_head":"<!-- This site is optimized with the Yoast SEO plugin v26.8 - https:\/\/yoast.com\/product\/yoast-seo-wordpress\/ -->\n<title>Machinery - SEF Technologies<\/title>\n<meta name=\"robots\" content=\"index, follow, max-snippet:-1, max-image-preview:large, max-video-preview:-1\" \/>\n<link rel=\"canonical\" href=\"https:\/\/www.sef-technologies.com\/en\/machinery\/\" \/>\n<meta property=\"og:locale\" content=\"en_US\" \/>\n<meta property=\"og:type\" content=\"article\" \/>\n<meta property=\"og:title\" content=\"Machinery - SEF Technologies\" \/>\n<meta property=\"og:description\" content=\"[vc_row][vc_column][hc_custom_heading title=&#8221;Our means&#8221; align=&#8221;center&#8221; heading=&#8221;h2&#8243; subtitle=&#8221;Our means&#8221; color=&#8221;grey&#8221;][\/vc_column][\/vc_row][vc_row][vc_column][vc_column_text] MANUFACTURING AND TEST OF COIL [\/vc_column_text][vc_row_inner][vc_column_inner width=&#8221;1\/2&#8243;][vc_column_text el_class=&#8221;puce&#8221; css=&#8221;.vc_custom_1594394034581{border-bottom-width: 2px !important;padding-top: 10% !important;padding-right: 10% !important;padding-bottom: 10% !important;padding-left: 10% !important;background-color: #f5f5f5 !important;border-bottom-color: #f38c49 !important;border-bottom-style: solid !important;border-radius: 2px !important;}&#8221;] Manufacturing &nbsp; 5 winding machines for coils of different shapes and sizes 2 winding machines for large coils (galettes) 1 &hellip;\" \/>\n<meta property=\"og:url\" content=\"https:\/\/www.sef-technologies.com\/en\/machinery\/\" \/>\n<meta property=\"og:site_name\" content=\"SEF Technologies\" \/>\n<meta property=\"article:modified_time\" content=\"2022-05-31T11:31:19+00:00\" \/>\n<meta name=\"twitter:card\" content=\"summary_large_image\" \/>\n<meta name=\"twitter:label1\" content=\"Est. reading time\" \/>\n\t<meta name=\"twitter:data1\" content=\"6 minutes\" \/>\n<script type=\"application\/ld+json\" class=\"yoast-schema-graph\">{\"@context\":\"https:\/\/schema.org\",\"@graph\":[{\"@type\":\"WebPage\",\"@id\":\"https:\/\/www.sef-technologies.com\/en\/machinery\/\",\"url\":\"https:\/\/www.sef-technologies.com\/en\/machinery\/\",\"name\":\"Machinery - SEF Technologies\",\"isPartOf\":{\"@id\":\"https:\/\/www.sef-technologies.com\/#website\"},\"datePublished\":\"2020-07-13T10:39:00+00:00\",\"dateModified\":\"2022-05-31T11:31:19+00:00\",\"breadcrumb\":{\"@id\":\"https:\/\/www.sef-technologies.com\/en\/machinery\/#breadcrumb\"},\"inLanguage\":\"en-US\",\"potentialAction\":[{\"@type\":\"ReadAction\",\"target\":[\"https:\/\/www.sef-technologies.com\/en\/machinery\/\"]}]},{\"@type\":\"BreadcrumbList\",\"@id\":\"https:\/\/www.sef-technologies.com\/en\/machinery\/#breadcrumb\",\"itemListElement\":[{\"@type\":\"ListItem\",\"position\":1,\"name\":\"Accueil\",\"item\":\"https:\/\/www.sef-technologies.com\/en\/\"},{\"@type\":\"ListItem\",\"position\":2,\"name\":\"Machinery\"}]},{\"@type\":\"WebSite\",\"@id\":\"https:\/\/www.sef-technologies.com\/#website\",\"url\":\"https:\/\/www.sef-technologies.com\/\",\"name\":\"SEF Technologies\",\"description\":\"Expert en r\u00e9alisation de bobines et d\u2019\u00e9lectroaimants pour acc\u00e9l\u00e9rateurs de particules\",\"publisher\":{\"@id\":\"https:\/\/www.sef-technologies.com\/#organization\"},\"potentialAction\":[{\"@type\":\"SearchAction\",\"target\":{\"@type\":\"EntryPoint\",\"urlTemplate\":\"https:\/\/www.sef-technologies.com\/?s={search_term_string}\"},\"query-input\":{\"@type\":\"PropertyValueSpecification\",\"valueRequired\":true,\"valueName\":\"search_term_string\"}}],\"inLanguage\":\"en-US\"},{\"@type\":\"Organization\",\"@id\":\"https:\/\/www.sef-technologies.com\/#organization\",\"name\":\"SEF Technologies\",\"url\":\"https:\/\/www.sef-technologies.com\/\",\"logo\":{\"@type\":\"ImageObject\",\"inLanguage\":\"en-US\",\"@id\":\"https:\/\/www.sef-technologies.com\/#\/schema\/logo\/image\/\",\"url\":\"https:\/\/www.sef-technologies.com\/wp-content\/uploads\/2020\/07\/logo_200x200.jpg\",\"contentUrl\":\"https:\/\/www.sef-technologies.com\/wp-content\/uploads\/2020\/07\/logo_200x200.jpg\",\"width\":200,\"height\":200,\"caption\":\"SEF Technologies\"},\"image\":{\"@id\":\"https:\/\/www.sef-technologies.com\/#\/schema\/logo\/image\/\"}}]}<\/script>\n<!-- \/ Yoast SEO plugin. -->","yoast_head_json":{"title":"Machinery - SEF Technologies","robots":{"index":"index","follow":"follow","max-snippet":"max-snippet:-1","max-image-preview":"max-image-preview:large","max-video-preview":"max-video-preview:-1"},"canonical":"https:\/\/www.sef-technologies.com\/en\/machinery\/","og_locale":"en_US","og_type":"article","og_title":"Machinery - SEF Technologies","og_description":"[vc_row][vc_column][hc_custom_heading title=&#8221;Our means&#8221; align=&#8221;center&#8221; heading=&#8221;h2&#8243; subtitle=&#8221;Our means&#8221; color=&#8221;grey&#8221;][\/vc_column][\/vc_row][vc_row][vc_column][vc_column_text] MANUFACTURING AND TEST OF COIL [\/vc_column_text][vc_row_inner][vc_column_inner width=&#8221;1\/2&#8243;][vc_column_text el_class=&#8221;puce&#8221; css=&#8221;.vc_custom_1594394034581{border-bottom-width: 2px !important;padding-top: 10% !important;padding-right: 10% !important;padding-bottom: 10% !important;padding-left: 10% !important;background-color: #f5f5f5 !important;border-bottom-color: #f38c49 !important;border-bottom-style: solid !important;border-radius: 2px !important;}&#8221;] Manufacturing &nbsp; 5 winding machines for coils of different shapes and sizes 2 winding machines for large coils (galettes) 1 &hellip;","og_url":"https:\/\/www.sef-technologies.com\/en\/machinery\/","og_site_name":"SEF Technologies","article_modified_time":"2022-05-31T11:31:19+00:00","twitter_card":"summary_large_image","twitter_misc":{"Est. reading time":"6 minutes"},"schema":{"@context":"https:\/\/schema.org","@graph":[{"@type":"WebPage","@id":"https:\/\/www.sef-technologies.com\/en\/machinery\/","url":"https:\/\/www.sef-technologies.com\/en\/machinery\/","name":"Machinery - SEF Technologies","isPartOf":{"@id":"https:\/\/www.sef-technologies.com\/#website"},"datePublished":"2020-07-13T10:39:00+00:00","dateModified":"2022-05-31T11:31:19+00:00","breadcrumb":{"@id":"https:\/\/www.sef-technologies.com\/en\/machinery\/#breadcrumb"},"inLanguage":"en-US","potentialAction":[{"@type":"ReadAction","target":["https:\/\/www.sef-technologies.com\/en\/machinery\/"]}]},{"@type":"BreadcrumbList","@id":"https:\/\/www.sef-technologies.com\/en\/machinery\/#breadcrumb","itemListElement":[{"@type":"ListItem","position":1,"name":"Accueil","item":"https:\/\/www.sef-technologies.com\/en\/"},{"@type":"ListItem","position":2,"name":"Machinery"}]},{"@type":"WebSite","@id":"https:\/\/www.sef-technologies.com\/#website","url":"https:\/\/www.sef-technologies.com\/","name":"SEF Technologies","description":"Expert en r\u00e9alisation de bobines et d\u2019\u00e9lectroaimants pour acc\u00e9l\u00e9rateurs de particules","publisher":{"@id":"https:\/\/www.sef-technologies.com\/#organization"},"potentialAction":[{"@type":"SearchAction","target":{"@type":"EntryPoint","urlTemplate":"https:\/\/www.sef-technologies.com\/?s={search_term_string}"},"query-input":{"@type":"PropertyValueSpecification","valueRequired":true,"valueName":"search_term_string"}}],"inLanguage":"en-US"},{"@type":"Organization","@id":"https:\/\/www.sef-technologies.com\/#organization","name":"SEF Technologies","url":"https:\/\/www.sef-technologies.com\/","logo":{"@type":"ImageObject","inLanguage":"en-US","@id":"https:\/\/www.sef-technologies.com\/#\/schema\/logo\/image\/","url":"https:\/\/www.sef-technologies.com\/wp-content\/uploads\/2020\/07\/logo_200x200.jpg","contentUrl":"https:\/\/www.sef-technologies.com\/wp-content\/uploads\/2020\/07\/logo_200x200.jpg","width":200,"height":200,"caption":"SEF Technologies"},"image":{"@id":"https:\/\/www.sef-technologies.com\/#\/schema\/logo\/image\/"}}]}},"_links":{"self":[{"href":"https:\/\/www.sef-technologies.com\/en\/wp-json\/wp\/v2\/pages\/520","targetHints":{"allow":["GET"]}}],"collection":[{"href":"https:\/\/www.sef-technologies.com\/en\/wp-json\/wp\/v2\/pages"}],"about":[{"href":"https:\/\/www.sef-technologies.com\/en\/wp-json\/wp\/v2\/types\/page"}],"author":[{"embeddable":true,"href":"https:\/\/www.sef-technologies.com\/en\/wp-json\/wp\/v2\/users\/1"}],"replies":[{"embeddable":true,"href":"https:\/\/www.sef-technologies.com\/en\/wp-json\/wp\/v2\/comments?post=520"}],"version-history":[{"count":40,"href":"https:\/\/www.sef-technologies.com\/en\/wp-json\/wp\/v2\/pages\/520\/revisions"}],"predecessor-version":[{"id":1188,"href":"https:\/\/www.sef-technologies.com\/en\/wp-json\/wp\/v2\/pages\/520\/revisions\/1188"}],"wp:attachment":[{"href":"https:\/\/www.sef-technologies.com\/en\/wp-json\/wp\/v2\/media?parent=520"}],"curies":[{"name":"wp","href":"https:\/\/api.w.org\/{rel}","templated":true}]}}